{"id":10874,"date":"2026-03-19T09:38:41","date_gmt":"2026-03-19T07:38:41","guid":{"rendered":"https:\/\/www.autenticabelles.com\/riscos\/"},"modified":"2026-04-30T17:48:42","modified_gmt":"2026-04-30T15:48:42","slug":"risks","status":"publish","type":"page","link":"https:\/\/www.autenticabelles.com\/en\/risks\/","title":{"rendered":"Risks"},"content":{"rendered":"\t\t<div data-elementor-type=\"wp-page\" data-elementor-id=\"10874\" class=\"elementor elementor-10874 elementor-9242\" data-elementor-post-type=\"page\">\n\t\t\t\t<div class=\"elementor-element elementor-element-08e4fdf e-flex e-con-boxed e-con e-parent\" data-id=\"08e4fdf\" data-element_type=\"container\">\n\t\t\t\t\t<div class=\"e-con-inner\">\n\t\t\t\t<div class=\"elementor-element elementor-element-329895d elementor-widget elementor-widget-heading\" data-id=\"329895d\" data-element_type=\"widget\" data-widget_type=\"heading.default\">\n\t\t\t\t\t<h1 class=\"elementor-heading-title elementor-size-default\">Possible risks when visiting an apiary<\/h1>\t\t\t\t<\/div>\n\t\t\n\n\t\t<div class=\"elementor-element elementor-element-256ca9c elementor-widget elementor-widget-text-editor\" data-id=\"256ca9c\" data-element_type=\"widget\" data-widget_type=\"text-editor.default\">\n\t\t\t\t\t\t\t\t\t<p data-start=\"44\" data-end=\"181\">We would like to raise awareness about visiting our hives. For this reason, we would like to draw your attention to the following points:<\/p><ul data-start=\"183\" data-end=\"667\"><li data-section-id=\"1h6ffzx\" data-start=\"183\" data-end=\"365\">Bees are, of course, animals kept by humans, but they remain unpredictable. We cannot prevent bees from stinging someone and, as a result, their venom from entering the human body.<\/li><li data-section-id=\"iu7omg\" data-start=\"367\" data-end=\"667\">Depending on each person\u2019s constitution, physical sensitivity and mental vulnerability, a bee sting may cause pain, redness, swelling that may persist for varying lengths of time, dizziness, circulatory problems, fainting and even allergic shock. In extreme cases, allergic shock may lead to death.<\/li><li data-section-id=\"14ucbak\" data-start=\"692\" data-end=\"771\">You must inform the beekeeper if you know that you are allergic to bee venom.<\/li><\/ul><p data-start=\"773\" data-end=\"934\">We make every effort to ensure safe conditions with no danger to anyone. For this reason, the beekeeper\u2019s instructions must be followed strictly and immediately.<\/p><p data-start=\"936\" data-end=\"1176\" data-is-last-node=\"\" data-is-only-node=\"\">Being aware of the risks mentioned above, I expressly release the beekeeper, <strong data-start=\"1013\" data-end=\"1031\">Mathieu Garaud<\/strong>, from all liability on my behalf, as well as on behalf of my family members, my heirs, or any third party who may file a complaint on my behalf.<\/p>\t\t\t\t\t\t\t\t<\/div>\n\t\t\t\t<div class=\"elementor-element elementor-element-789d0da elementor-align-center elementor-button-default elementor-widget elementor-widget-button\" data-id=\"789d0da\" data-element_type=\"widget\" data-widget_type=\"button.default\">\n\t\t\t\t\t\t\t\t\t\t<a class=\"elementor-button elementor-button-link elementor-size-sm\" href=\"https:\/\/www.autenticabelles.com\/wp-content\/uploads\/2026\/03\/Descarrega-responsabilitat-visita-ruscos.pdf\">\n\t\t\t\t\t\t<span class=\"elementor-button-content-wrapper\">\n\t\t\t\t\t\t\t\t\t<span class=\"elementor-button-text\">Download document<\/span>\n\t\t\t\t\t<\/span>\n\t\t\t\t\t<\/a>\n\t\t\t\t\t\t\t\t<\/div>\n\t\t\t\t\t<\/div>\n\t\t\t\t<\/div>\n\t\t\t\t<\/div>\n\t\t","protected":false},"excerpt":{"rendered":"<p>Possible risks when visiting an apiary We would like to raise awareness about visiting our hives. For this reason, we would like to draw your attention to the following points: Bees are, of course, animals kept by humans, but they remain unpredictable. We cannot prevent bees from stinging someone and, as a result, their venom [&hellip;]<\/p>\n","protected":false},"author":1,"featured_media":0,"parent":0,"menu_order":0,"comment_status":"closed","ping_status":"closed","template":"elementor_header_footer","meta":{"footnotes":""},"class_list":["post-10874","page","type-page","status-publish","hentry"],"yoast_head":"<!-- This site is optimized with the Yoast SEO plugin v27.3 - https:\/\/yoast.com\/product\/yoast-seo-wordpress\/ -->\n<title>Risks - Aut\u00e8ntic Abelles<\/title>\n<meta name=\"robots\" content=\"index, follow, max-snippet:-1, max-image-preview:large, max-video-preview:-1\" \/>\n<link rel=\"canonical\" href=\"https:\/\/www.autenticabelles.com\/en\/risks\/\" \/>\n<meta property=\"og:locale\" content=\"en_US\" \/>\n<meta property=\"og:type\" content=\"article\" \/>\n<meta property=\"og:title\" content=\"Risks - Aut\u00e8ntic Abelles\" \/>\n<meta property=\"og:description\" content=\"Possible risks when visiting an apiary We would like to raise awareness about visiting our hives. For this reason, we would like to draw your attention to the following points: Bees are, of course, animals kept by humans, but they remain unpredictable. We cannot prevent bees from stinging someone and, as a result, their venom [&hellip;]\" \/>\n<meta property=\"og:url\" content=\"https:\/\/www.autenticabelles.com\/en\/risks\/\" \/>\n<meta property=\"og:site_name\" content=\"Aut\u00e8ntic Abelles\" \/>\n<meta property=\"article:publisher\" content=\"https:\/\/www.facebook.com\/apicultorandorra\" \/>\n<meta property=\"article:modified_time\" content=\"2026-04-30T15:48:42+00:00\" \/>\n<meta name=\"twitter:card\" content=\"summary_large_image\" \/>\n<meta name=\"twitter:label1\" content=\"Est. reading time\" \/>\n\t<meta name=\"twitter:data1\" content=\"1 minute\" \/>\n<script type=\"application\/ld+json\" class=\"yoast-schema-graph\">{\"@context\":\"https:\\\/\\\/schema.org\",\"@graph\":[{\"@type\":\"WebPage\",\"@id\":\"https:\\\/\\\/www.autenticabelles.com\\\/en\\\/risks\\\/\",\"url\":\"https:\\\/\\\/www.autenticabelles.com\\\/en\\\/risks\\\/\",\"name\":\"Risks - Aut\u00e8ntic Abelles\",\"isPartOf\":{\"@id\":\"https:\\\/\\\/www.autenticabelles.com\\\/en\\\/#website\"},\"datePublished\":\"2026-03-19T07:38:41+00:00\",\"dateModified\":\"2026-04-30T15:48:42+00:00\",\"breadcrumb\":{\"@id\":\"https:\\\/\\\/www.autenticabelles.com\\\/en\\\/risks\\\/#breadcrumb\"},\"inLanguage\":\"en-US\",\"potentialAction\":[{\"@type\":\"ReadAction\",\"target\":[\"https:\\\/\\\/www.autenticabelles.com\\\/en\\\/risks\\\/\"]}]},{\"@type\":\"BreadcrumbList\",\"@id\":\"https:\\\/\\\/www.autenticabelles.com\\\/en\\\/risks\\\/#breadcrumb\",\"itemListElement\":[{\"@type\":\"ListItem\",\"position\":1,\"name\":\"Inici\",\"item\":\"https:\\\/\\\/www.autenticabelles.com\\\/en\\\/\"},{\"@type\":\"ListItem\",\"position\":2,\"name\":\"Risks\"}]},{\"@type\":\"WebSite\",\"@id\":\"https:\\\/\\\/www.autenticabelles.com\\\/en\\\/#website\",\"url\":\"https:\\\/\\\/www.autenticabelles.com\\\/en\\\/\",\"name\":\"Aut\u00e8ntic Abelles\",\"description\":\"Experi\u00e8ncies d&#039;apiter\u00e0pia, Apicultor i Productor de Mel a Andorra\",\"publisher\":{\"@id\":\"https:\\\/\\\/www.autenticabelles.com\\\/en\\\/#organization\"},\"potentialAction\":[{\"@type\":\"SearchAction\",\"target\":{\"@type\":\"EntryPoint\",\"urlTemplate\":\"https:\\\/\\\/www.autenticabelles.com\\\/en\\\/?s={search_term_string}\"},\"query-input\":{\"@type\":\"PropertyValueSpecification\",\"valueRequired\":true,\"valueName\":\"search_term_string\"}}],\"inLanguage\":\"en-US\"},{\"@type\":\"Organization\",\"@id\":\"https:\\\/\\\/www.autenticabelles.com\\\/en\\\/#organization\",\"name\":\"Aut\u00e8ntic Abelles Experi\u00e8ncies\",\"url\":\"https:\\\/\\\/www.autenticabelles.com\\\/en\\\/\",\"logo\":{\"@type\":\"ImageObject\",\"inLanguage\":\"en-US\",\"@id\":\"https:\\\/\\\/www.autenticabelles.com\\\/en\\\/#\\\/schema\\\/logo\\\/image\\\/\",\"url\":\"https:\\\/\\\/www.autenticabelles.com\\\/wp-content\\\/uploads\\\/2026\\\/01\\\/logo_autentic.png\",\"contentUrl\":\"https:\\\/\\\/www.autenticabelles.com\\\/wp-content\\\/uploads\\\/2026\\\/01\\\/logo_autentic.png\",\"width\":1559,\"height\":693,\"caption\":\"Aut\u00e8ntic Abelles Experi\u00e8ncies\"},\"image\":{\"@id\":\"https:\\\/\\\/www.autenticabelles.com\\\/en\\\/#\\\/schema\\\/logo\\\/image\\\/\"},\"sameAs\":[\"https:\\\/\\\/www.facebook.com\\\/apicultorandorra\",\"https:\\\/\\\/www.instagram.com\\\/autentic_abelles\",\"https:\\\/\\\/www.youtube.com\\\/watch?v=2RfDH1qWW_o\"]}]}<\/script>\n<!-- \/ Yoast SEO plugin. -->","yoast_head_json":{"title":"Risks - Aut\u00e8ntic Abelles","robots":{"index":"index","follow":"follow","max-snippet":"max-snippet:-1","max-image-preview":"max-image-preview:large","max-video-preview":"max-video-preview:-1"},"canonical":"https:\/\/www.autenticabelles.com\/en\/risks\/","og_locale":"en_US","og_type":"article","og_title":"Risks - Aut\u00e8ntic Abelles","og_description":"Possible risks when visiting an apiary We would like to raise awareness about visiting our hives. For this reason, we would like to draw your attention to the following points: Bees are, of course, animals kept by humans, but they remain unpredictable. We cannot prevent bees from stinging someone and, as a result, their venom [&hellip;]","og_url":"https:\/\/www.autenticabelles.com\/en\/risks\/","og_site_name":"Aut\u00e8ntic Abelles","article_publisher":"https:\/\/www.facebook.com\/apicultorandorra","article_modified_time":"2026-04-30T15:48:42+00:00","twitter_card":"summary_large_image","twitter_misc":{"Est. reading time":"1 minute"},"schema":{"@context":"https:\/\/schema.org","@graph":[{"@type":"WebPage","@id":"https:\/\/www.autenticabelles.com\/en\/risks\/","url":"https:\/\/www.autenticabelles.com\/en\/risks\/","name":"Risks - Aut\u00e8ntic Abelles","isPartOf":{"@id":"https:\/\/www.autenticabelles.com\/en\/#website"},"datePublished":"2026-03-19T07:38:41+00:00","dateModified":"2026-04-30T15:48:42+00:00","breadcrumb":{"@id":"https:\/\/www.autenticabelles.com\/en\/risks\/#breadcrumb"},"inLanguage":"en-US","potentialAction":[{"@type":"ReadAction","target":["https:\/\/www.autenticabelles.com\/en\/risks\/"]}]},{"@type":"BreadcrumbList","@id":"https:\/\/www.autenticabelles.com\/en\/risks\/#breadcrumb","itemListElement":[{"@type":"ListItem","position":1,"name":"Inici","item":"https:\/\/www.autenticabelles.com\/en\/"},{"@type":"ListItem","position":2,"name":"Risks"}]},{"@type":"WebSite","@id":"https:\/\/www.autenticabelles.com\/en\/#website","url":"https:\/\/www.autenticabelles.com\/en\/","name":"Aut\u00e8ntic Abelles","description":"Experi\u00e8ncies d&#039;apiter\u00e0pia, Apicultor i Productor de Mel a Andorra","publisher":{"@id":"https:\/\/www.autenticabelles.com\/en\/#organization"},"potentialAction":[{"@type":"SearchAction","target":{"@type":"EntryPoint","urlTemplate":"https:\/\/www.autenticabelles.com\/en\/?s={search_term_string}"},"query-input":{"@type":"PropertyValueSpecification","valueRequired":true,"valueName":"search_term_string"}}],"inLanguage":"en-US"},{"@type":"Organization","@id":"https:\/\/www.autenticabelles.com\/en\/#organization","name":"Aut\u00e8ntic Abelles Experi\u00e8ncies","url":"https:\/\/www.autenticabelles.com\/en\/","logo":{"@type":"ImageObject","inLanguage":"en-US","@id":"https:\/\/www.autenticabelles.com\/en\/#\/schema\/logo\/image\/","url":"https:\/\/www.autenticabelles.com\/wp-content\/uploads\/2026\/01\/logo_autentic.png","contentUrl":"https:\/\/www.autenticabelles.com\/wp-content\/uploads\/2026\/01\/logo_autentic.png","width":1559,"height":693,"caption":"Aut\u00e8ntic Abelles Experi\u00e8ncies"},"image":{"@id":"https:\/\/www.autenticabelles.com\/en\/#\/schema\/logo\/image\/"},"sameAs":["https:\/\/www.facebook.com\/apicultorandorra","https:\/\/www.instagram.com\/autentic_abelles","https:\/\/www.youtube.com\/watch?v=2RfDH1qWW_o"]}]}},"_links":{"self":[{"href":"https:\/\/www.autenticabelles.com\/en\/wp-json\/wp\/v2\/pages\/10874","targetHints":{"allow":["GET"]}}],"collection":[{"href":"https:\/\/www.autenticabelles.com\/en\/wp-json\/wp\/v2\/pages"}],"about":[{"href":"https:\/\/www.autenticabelles.com\/en\/wp-json\/wp\/v2\/types\/page"}],"author":[{"embeddable":true,"href":"https:\/\/www.autenticabelles.com\/en\/wp-json\/wp\/v2\/users\/1"}],"replies":[{"embeddable":true,"href":"https:\/\/www.autenticabelles.com\/en\/wp-json\/wp\/v2\/comments?post=10874"}],"version-history":[{"count":4,"href":"https:\/\/www.autenticabelles.com\/en\/wp-json\/wp\/v2\/pages\/10874\/revisions"}],"predecessor-version":[{"id":11105,"href":"https:\/\/www.autenticabelles.com\/en\/wp-json\/wp\/v2\/pages\/10874\/revisions\/11105"}],"wp:attachment":[{"href":"https:\/\/www.autenticabelles.com\/en\/wp-json\/wp\/v2\/media?parent=10874"}],"curies":[{"name":"wp","href":"https:\/\/api.w.org\/{rel}","templated":true}]}}