{"id":10294,"date":"2026-01-19T02:14:15","date_gmt":"2026-01-19T00:14:15","guid":{"rendered":"https:\/\/www.autenticabelles.com\/mon-compte\/"},"modified":"2026-03-31T12:33:55","modified_gmt":"2026-03-31T10:33:55","slug":"mon-compte","status":"publish","type":"page","link":"https:\/\/www.autenticabelles.com\/fr\/mon-compte\/","title":{"rendered":"Mon compte"},"content":{"rendered":"\t\t<div data-elementor-type=\"wp-page\" data-elementor-id=\"10294\" class=\"elementor elementor-10294 elementor-34\" data-elementor-post-type=\"page\">\n\t\t\t\t<div class=\"elementor-element elementor-element-1b436f29 e-flex e-con-boxed e-con e-parent\" data-id=\"1b436f29\" data-element_type=\"container\">\n\t\t\t\t\t<div class=\"e-con-inner\">\n\t\t\t\t<div class=\"elementor-element elementor-element-669bde1 elementor-widget elementor-widget-heading\" data-id=\"669bde1\" data-element_type=\"widget\" data-widget_type=\"heading.default\">\n\t\t\t\t\t<h1 class=\"elementor-heading-title elementor-size-default\">Mon Compte<\/h1>\t\t\t\t<\/div>\n\t\t\n\n\t\t<div class=\"elementor-element elementor-element-31c1959d elementor-widget elementor-widget-text-editor\" data-id=\"31c1959d\" data-element_type=\"widget\" data-widget_type=\"text-editor.default\">\n\t\t\t\t\t\t\t\t\t<div class=\"woocommerce\"><\/div>\t\t\t\t\t\t\t\t<\/div>\n\t\t\t\t\t<\/div>\n\t\t\t\t<\/div>\n\t\t\t\t<\/div>\n\t\t","protected":false},"excerpt":{"rendered":"<p>Mon Compte<\/p>\n","protected":false},"author":1,"featured_media":0,"parent":0,"menu_order":0,"comment_status":"closed","ping_status":"closed","template":"elementor_header_footer","meta":{"footnotes":""},"class_list":["post-10294","page","type-page","status-publish","hentry"],"yoast_head":"<!-- This site is optimized with the Yoast SEO plugin v27.3 - https:\/\/yoast.com\/product\/yoast-seo-wordpress\/ -->\n<title>Mon compte - Aut\u00e8ntic Abelles<\/title>\n<meta name=\"robots\" content=\"index, follow, max-snippet:-1, max-image-preview:large, max-video-preview:-1\" \/>\n<link rel=\"canonical\" href=\"https:\/\/www.autenticabelles.com\/fr\/mon-compte\/\" \/>\n<meta property=\"og:locale\" content=\"fr_FR\" \/>\n<meta property=\"og:type\" content=\"article\" \/>\n<meta property=\"og:title\" content=\"Mon compte - Aut\u00e8ntic Abelles\" \/>\n<meta property=\"og:description\" content=\"Mon Compte\" \/>\n<meta property=\"og:url\" content=\"https:\/\/www.autenticabelles.com\/fr\/mon-compte\/\" \/>\n<meta property=\"og:site_name\" content=\"Aut\u00e8ntic Abelles\" \/>\n<meta property=\"article:publisher\" content=\"https:\/\/www.facebook.com\/apicultorandorra\" \/>\n<meta property=\"article:modified_time\" content=\"2026-03-31T10:33:55+00:00\" \/>\n<meta name=\"twitter:card\" content=\"summary_large_image\" \/>\n<script type=\"application\/ld+json\" class=\"yoast-schema-graph\">{\"@context\":\"https:\\\/\\\/schema.org\",\"@graph\":[{\"@type\":\"WebPage\",\"@id\":\"https:\\\/\\\/www.autenticabelles.com\\\/fr\\\/mon-compte\\\/\",\"url\":\"https:\\\/\\\/www.autenticabelles.com\\\/fr\\\/mon-compte\\\/\",\"name\":\"Mon compte - Aut\u00e8ntic Abelles\",\"isPartOf\":{\"@id\":\"https:\\\/\\\/www.autenticabelles.com\\\/fr\\\/#website\"},\"datePublished\":\"2026-01-19T00:14:15+00:00\",\"dateModified\":\"2026-03-31T10:33:55+00:00\",\"breadcrumb\":{\"@id\":\"https:\\\/\\\/www.autenticabelles.com\\\/fr\\\/mon-compte\\\/#breadcrumb\"},\"inLanguage\":\"fr-FR\",\"potentialAction\":[{\"@type\":\"ReadAction\",\"target\":[\"https:\\\/\\\/www.autenticabelles.com\\\/fr\\\/mon-compte\\\/\"]}]},{\"@type\":\"BreadcrumbList\",\"@id\":\"https:\\\/\\\/www.autenticabelles.com\\\/fr\\\/mon-compte\\\/#breadcrumb\",\"itemListElement\":[{\"@type\":\"ListItem\",\"position\":1,\"name\":\"Inici\",\"item\":\"https:\\\/\\\/www.autenticabelles.com\\\/fr\\\/\"},{\"@type\":\"ListItem\",\"position\":2,\"name\":\"Mon compte\"}]},{\"@type\":\"WebSite\",\"@id\":\"https:\\\/\\\/www.autenticabelles.com\\\/fr\\\/#website\",\"url\":\"https:\\\/\\\/www.autenticabelles.com\\\/fr\\\/\",\"name\":\"Aut\u00e8ntic Abelles\",\"description\":\"Experi\u00e8ncies d&#039;apiter\u00e0pia, Apicultor i Productor de Mel a Andorra\",\"publisher\":{\"@id\":\"https:\\\/\\\/www.autenticabelles.com\\\/fr\\\/#organization\"},\"potentialAction\":[{\"@type\":\"SearchAction\",\"target\":{\"@type\":\"EntryPoint\",\"urlTemplate\":\"https:\\\/\\\/www.autenticabelles.com\\\/fr\\\/?s={search_term_string}\"},\"query-input\":{\"@type\":\"PropertyValueSpecification\",\"valueRequired\":true,\"valueName\":\"search_term_string\"}}],\"inLanguage\":\"fr-FR\"},{\"@type\":\"Organization\",\"@id\":\"https:\\\/\\\/www.autenticabelles.com\\\/fr\\\/#organization\",\"name\":\"Aut\u00e8ntic Abelles Experi\u00e8ncies\",\"url\":\"https:\\\/\\\/www.autenticabelles.com\\\/fr\\\/\",\"logo\":{\"@type\":\"ImageObject\",\"inLanguage\":\"fr-FR\",\"@id\":\"https:\\\/\\\/www.autenticabelles.com\\\/fr\\\/#\\\/schema\\\/logo\\\/image\\\/\",\"url\":\"https:\\\/\\\/www.autenticabelles.com\\\/wp-content\\\/uploads\\\/2026\\\/01\\\/logo_autentic.png\",\"contentUrl\":\"https:\\\/\\\/www.autenticabelles.com\\\/wp-content\\\/uploads\\\/2026\\\/01\\\/logo_autentic.png\",\"width\":1559,\"height\":693,\"caption\":\"Aut\u00e8ntic Abelles Experi\u00e8ncies\"},\"image\":{\"@id\":\"https:\\\/\\\/www.autenticabelles.com\\\/fr\\\/#\\\/schema\\\/logo\\\/image\\\/\"},\"sameAs\":[\"https:\\\/\\\/www.facebook.com\\\/apicultorandorra\",\"https:\\\/\\\/www.instagram.com\\\/autentic_abelles\",\"https:\\\/\\\/www.youtube.com\\\/watch?v=2RfDH1qWW_o\"]}]}<\/script>\n<!-- \/ Yoast SEO plugin. -->","yoast_head_json":{"title":"Mon compte - Aut\u00e8ntic Abelles","robots":{"index":"index","follow":"follow","max-snippet":"max-snippet:-1","max-image-preview":"max-image-preview:large","max-video-preview":"max-video-preview:-1"},"canonical":"https:\/\/www.autenticabelles.com\/fr\/mon-compte\/","og_locale":"fr_FR","og_type":"article","og_title":"Mon compte - Aut\u00e8ntic Abelles","og_description":"Mon Compte","og_url":"https:\/\/www.autenticabelles.com\/fr\/mon-compte\/","og_site_name":"Aut\u00e8ntic Abelles","article_publisher":"https:\/\/www.facebook.com\/apicultorandorra","article_modified_time":"2026-03-31T10:33:55+00:00","twitter_card":"summary_large_image","schema":{"@context":"https:\/\/schema.org","@graph":[{"@type":"WebPage","@id":"https:\/\/www.autenticabelles.com\/fr\/mon-compte\/","url":"https:\/\/www.autenticabelles.com\/fr\/mon-compte\/","name":"Mon compte - Aut\u00e8ntic Abelles","isPartOf":{"@id":"https:\/\/www.autenticabelles.com\/fr\/#website"},"datePublished":"2026-01-19T00:14:15+00:00","dateModified":"2026-03-31T10:33:55+00:00","breadcrumb":{"@id":"https:\/\/www.autenticabelles.com\/fr\/mon-compte\/#breadcrumb"},"inLanguage":"fr-FR","potentialAction":[{"@type":"ReadAction","target":["https:\/\/www.autenticabelles.com\/fr\/mon-compte\/"]}]},{"@type":"BreadcrumbList","@id":"https:\/\/www.autenticabelles.com\/fr\/mon-compte\/#breadcrumb","itemListElement":[{"@type":"ListItem","position":1,"name":"Inici","item":"https:\/\/www.autenticabelles.com\/fr\/"},{"@type":"ListItem","position":2,"name":"Mon compte"}]},{"@type":"WebSite","@id":"https:\/\/www.autenticabelles.com\/fr\/#website","url":"https:\/\/www.autenticabelles.com\/fr\/","name":"Aut\u00e8ntic Abelles","description":"Experi\u00e8ncies d&#039;apiter\u00e0pia, Apicultor i Productor de Mel a Andorra","publisher":{"@id":"https:\/\/www.autenticabelles.com\/fr\/#organization"},"potentialAction":[{"@type":"SearchAction","target":{"@type":"EntryPoint","urlTemplate":"https:\/\/www.autenticabelles.com\/fr\/?s={search_term_string}"},"query-input":{"@type":"PropertyValueSpecification","valueRequired":true,"valueName":"search_term_string"}}],"inLanguage":"fr-FR"},{"@type":"Organization","@id":"https:\/\/www.autenticabelles.com\/fr\/#organization","name":"Aut\u00e8ntic Abelles Experi\u00e8ncies","url":"https:\/\/www.autenticabelles.com\/fr\/","logo":{"@type":"ImageObject","inLanguage":"fr-FR","@id":"https:\/\/www.autenticabelles.com\/fr\/#\/schema\/logo\/image\/","url":"https:\/\/www.autenticabelles.com\/wp-content\/uploads\/2026\/01\/logo_autentic.png","contentUrl":"https:\/\/www.autenticabelles.com\/wp-content\/uploads\/2026\/01\/logo_autentic.png","width":1559,"height":693,"caption":"Aut\u00e8ntic Abelles Experi\u00e8ncies"},"image":{"@id":"https:\/\/www.autenticabelles.com\/fr\/#\/schema\/logo\/image\/"},"sameAs":["https:\/\/www.facebook.com\/apicultorandorra","https:\/\/www.instagram.com\/autentic_abelles","https:\/\/www.youtube.com\/watch?v=2RfDH1qWW_o"]}]}},"_links":{"self":[{"href":"https:\/\/www.autenticabelles.com\/fr\/wp-json\/wp\/v2\/pages\/10294","targetHints":{"allow":["GET"]}}],"collection":[{"href":"https:\/\/www.autenticabelles.com\/fr\/wp-json\/wp\/v2\/pages"}],"about":[{"href":"https:\/\/www.autenticabelles.com\/fr\/wp-json\/wp\/v2\/types\/page"}],"author":[{"embeddable":true,"href":"https:\/\/www.autenticabelles.com\/fr\/wp-json\/wp\/v2\/users\/1"}],"replies":[{"embeddable":true,"href":"https:\/\/www.autenticabelles.com\/fr\/wp-json\/wp\/v2\/comments?post=10294"}],"version-history":[{"count":5,"href":"https:\/\/www.autenticabelles.com\/fr\/wp-json\/wp\/v2\/pages\/10294\/revisions"}],"predecessor-version":[{"id":10484,"href":"https:\/\/www.autenticabelles.com\/fr\/wp-json\/wp\/v2\/pages\/10294\/revisions\/10484"}],"wp:attachment":[{"href":"https:\/\/www.autenticabelles.com\/fr\/wp-json\/wp\/v2\/media?parent=10294"}],"curies":[{"name":"wp","href":"https:\/\/api.w.org\/{rel}","templated":true}]}}