{"id":10341,"date":"2026-01-28T23:52:10","date_gmt":"2026-01-28T21:52:10","guid":{"rendered":"https:\/\/www.autenticabelles.com\/contact\/"},"modified":"2026-03-31T12:47:06","modified_gmt":"2026-03-31T10:47:06","slug":"contact","status":"publish","type":"page","link":"https:\/\/www.autenticabelles.com\/fr\/contact\/","title":{"rendered":"Contact"},"content":{"rendered":"\t\t<div data-elementor-type=\"wp-page\" data-elementor-id=\"10341\" class=\"elementor elementor-10341 elementor-8267\" data-elementor-post-type=\"page\">\n\t\t\t\t<div class=\"elementor-element elementor-element-56997bf e-con-full e-flex e-con e-child\" data-id=\"56997bf\" data-element_type=\"container\">\n\t\t\t\t<div class=\"elementor-element elementor-element-f923385 elementor-absolute elementor-hidden-tablet_extra elementor-hidden-tablet elementor-hidden-mobile_extra elementor-hidden-mobile elementor-widget elementor-widget-image\" data-id=\"f923385\" data-element_type=\"widget\" data-settings=\"{&quot;_position&quot;:&quot;absolute&quot;}\" data-widget_type=\"image.default\">\n\t\t\t\t\t\t\t\t\t\t\t\t\t\t\t<img decoding=\"async\" src=\"https:\/\/www.autenticabelles.com\/wp-content\/uploads\/2026\/02\/abella.png\" title=\"abeille\" alt=\"abeille\" loading=\"lazy\" \/>\t\t\t\t\t\t\t\t\t\t\t\t\t\t\t<\/div>\n\t\t<div class=\"elementor-element elementor-element-d40e410 e-flex e-con-boxed e-con e-child\" data-id=\"d40e410\" data-element_type=\"container\">\n\t\t\t\t\t<div class=\"e-con-inner\">\n\t\t<div class=\"elementor-element elementor-element-90ba7a3 e-con-full e-flex e-con e-child\" data-id=\"90ba7a3\" data-element_type=\"container\">\n\t\t\n\n\t\t<div class=\"elementor-element elementor-element-7dd6e5d subtitle-position-above elementor-align-left elementor-widget elementor-widget-beezi-heading\" data-id=\"7dd6e5d\" data-element_type=\"widget\" data-widget_type=\"beezi-heading.default\">\n\t\t\t\t<div class=\"elementor-widget-container\">\n\t\t\t\t\t<div class=\"elementor-heading-wrapper-inner\"><h1 class=\"elementor-heading-title elementor-size-default\">Contactez-nous<\/h1><\/div>\t\t\t\t<\/div>\n\t\t\t\t<\/div>\n\t\t\t\t<div class=\"elementor-element elementor-element-73aec1e elementor-widget elementor-widget-text-editor\" data-id=\"73aec1e\" data-element_type=\"widget\" data-widget_type=\"text-editor.default\">\n\t\t\t\t\t\t\t\t\t<p><strong>Vous avez une question, un doute ?<\/strong><br data-start=\"29\" data-end=\"32\">Envoyez-nous un message par e-mail ou appelez-nous !<\/p>\t\t\t\t\t\t\t\t<\/div>\n\t\t\t\t<div class=\"elementor-element elementor-element-670781e elementor-widget elementor-widget-text-editor\" data-id=\"670781e\" data-element_type=\"widget\" data-widget_type=\"text-editor.default\">\n\t\t\t\t\t\t\t\t\t<p>T\u00e9l\u00e9phones :<br><strong><a href=\"tel:+376383142\">+376 383 142 (Vanessa)<\/a><br><a href=\"tel:+376351685\">+376 351 685 (Mathieu)<\/a><\/strong><\/p>\t\t\t\t\t\t\t\t<\/div>\n\t\t<div class=\"elementor-element elementor-element-a0496dc e-con-full e-flex e-con e-child\" data-id=\"a0496dc\" data-element_type=\"container\">\n\t\t\t\t<div class=\"elementor-element elementor-element-b1f8fce enable-effects-yes e-grid-align-left elementor-shape-rounded elementor-grid-0 elementor-widget elementor-widget-social-icons\" data-id=\"b1f8fce\" data-element_type=\"widget\" data-widget_type=\"social-icons.default\">\n\t\t\t\t\t\t\t<div class=\"elementor-social-icons-wrapper elementor-grid\" role=\"list\">\n\t\t\t\t\t\t\t<span class=\"elementor-grid-item\" role=\"listitem\">\n\t\t\t\t\t<a class=\"elementor-icon elementor-social-icon elementor-social-icon-instagram elementor-repeater-item-29d7899\" href=\"https:\/\/www.instagram.com\/autentic_abelles\" target=\"_blank\">\n\t\t\t\t\t\t<span class=\"elementor-screen-only\">Instagram<\/span>\n\t\t\t\t\t\t<svg aria-hidden=\"true\" class=\"e-font-icon-svg e-fab-instagram\" viewBox=\"0 0 448 512\" xmlns=\"http:\/\/www.w3.org\/2000\/svg\"><path d=\"M224.1 141c-63.6 0-114.9 51.3-114.9 114.9s51.3 114.9 114.9 114.9S339 319.5 339 255.9 287.7 141 224.1 141zm0 189.6c-41.1 0-74.7-33.5-74.7-74.7s33.5-74.7 74.7-74.7 74.7 33.5 74.7 74.7-33.6 74.7-74.7 74.7zm146.4-194.3c0 14.9-12 26.8-26.8 26.8-14.9 0-26.8-12-26.8-26.8s12-26.8 26.8-26.8 26.8 12 26.8 26.8zm76.1 27.2c-1.7-35.9-9.9-67.7-36.2-93.9-26.2-26.2-58-34.4-93.9-36.2-37-2.1-147.9-2.1-184.9 0-35.8 1.7-67.6 9.9-93.9 36.1s-34.4 58-36.2 93.9c-2.1 37-2.1 147.9 0 184.9 1.7 35.9 9.9 67.7 36.2 93.9s58 34.4 93.9 36.2c37 2.1 147.9 2.1 184.9 0 35.9-1.7 67.7-9.9 93.9-36.2 26.2-26.2 34.4-58 36.2-93.9 2.1-37 2.1-147.8 0-184.8zM398.8 388c-7.8 19.6-22.9 34.7-42.6 42.6-29.5 11.7-99.5 9-132.1 9s-102.7 2.6-132.1-9c-19.6-7.8-34.7-22.9-42.6-42.6-11.7-29.5-9-99.5-9-132.1s-2.6-102.7 9-132.1c7.8-19.6 22.9-34.7 42.6-42.6 29.5-11.7 99.5-9 132.1-9s102.7-2.6 132.1 9c19.6 7.8 34.7 22.9 42.6 42.6 11.7 29.5 9 99.5 9 132.1s2.7 102.7-9 132.1z\"><\/path><\/svg>\t\t\t\t\t<\/a>\n\t\t\t\t<\/span>\n\t\t\t\t\t\t\t<span class=\"elementor-grid-item\" role=\"listitem\">\n\t\t\t\t\t<a class=\"elementor-icon elementor-social-icon elementor-social-icon-facebook-f elementor-repeater-item-6460511\" href=\"https:\/\/www.facebook.com\/apicultorandorra\" target=\"_blank\">\n\t\t\t\t\t\t<span class=\"elementor-screen-only\">Facebook-f<\/span>\n\t\t\t\t\t\t<svg aria-hidden=\"true\" class=\"e-font-icon-svg e-fab-facebook-f\" viewBox=\"0 0 320 512\" xmlns=\"http:\/\/www.w3.org\/2000\/svg\"><path d=\"M279.14 288l14.22-92.66h-88.91v-60.13c0-25.35 12.42-50.06 52.24-50.06h40.42V6.26S260.43 0 225.36 0c-73.22 0-121.08 44.38-121.08 124.72v70.62H22.89V288h81.39v224h100.17V288z\"><\/path><\/svg>\t\t\t\t\t<\/a>\n\t\t\t\t<\/span>\n\t\t\t\t\t\t\t<span class=\"elementor-grid-item\" role=\"listitem\">\n\t\t\t\t\t<a class=\"elementor-icon elementor-social-icon elementor-social-icon-beezi-icon-youtube1 elementor-repeater-item-1d80a2b\" href=\"https:\/\/www.youtube.com\/watch?v=2RfDH1qWW_o\" target=\"_blank\">\n\t\t\t\t\t\t<span class=\"elementor-screen-only\">Beezi-icon-youtube1<\/span>\n\t\t\t\t\t\t<i aria-hidden=\"true\" class=\"beezi-icon- beezi-icon-youtube1\"><\/i>\t\t\t\t\t<\/a>\n\t\t\t\t<\/span>\n\t\t\t\t\t<\/div>\n\t\t\t\t\t\t<\/div>\n\t\t\t\t<\/div>\n\t\t\t\t<\/div>\n\t\t\t\t<div class=\"elementor-element elementor-element-37208e7 elementor-button-align-stretch elementor-widget elementor-widget-form\" data-id=\"37208e7\" data-element_type=\"widget\" data-settings=\"{&quot;step_next_label&quot;:&quot;Suivant&quot;,&quot;step_previous_label&quot;:&quot;Pr\\u00e9c\\u00e9dent&quot;,&quot;button_width&quot;:&quot;100&quot;,&quot;step_type&quot;:&quot;number_text&quot;,&quot;step_icon_shape&quot;:&quot;circle&quot;}\" data-widget_type=\"form.default\">\n\t\t\t\t\t\t\t<form class=\"elementor-form\" method=\"post\" name=\"Contactez-nous - accueil\" aria-label=\"Contactez-nous - accueil\">\n\t\t\t<input type=\"hidden\" name=\"post_id\" value=\"10341\"\/>\n\t\t\t<input type=\"hidden\" name=\"form_id\" value=\"37208e7\"\/>\n\t\t\t<input type=\"hidden\" name=\"referer_title\" value=\"Contact - Aut\u00e8ntic Abelles\" \/>\n\n\t\t\t\t\t\t\t<input type=\"hidden\" name=\"queried_id\" value=\"10341\"\/>\n\t\t\t\n\t\t\t<div class=\"elementor-form-fields-wrapper elementor-labels-above\">\n\t\t\t\t\t\t\t\t<div class=\"elementor-field-type-text elementor-field-group elementor-column elementor-field-group-name elementor-col-100 elementor-field-required elementor-mark-required\">\n\t\t\t\t\t\t\t\t\t\t\t\t<label for=\"form-field-name\" class=\"elementor-field-label\">\n\t\t\t\t\t\t\t\tPr\u00e9nom\t\t\t\t\t\t\t<\/label>\n\t\t\t\t\t\t\t\t\t\t\t\t\t\t<input size=\"1\" type=\"text\" name=\"form_fields[name]\" id=\"form-field-name\" class=\"elementor-field elementor-size-md  elementor-field-textual\" placeholder=\"Pr\u00e9nom\" required=\"required\">\n\t\t\t\t\t\t\t\t\t\t\t<\/div>\n\t\t\t\t\t\t\t\t<div class=\"elementor-field-type-email elementor-field-group elementor-column elementor-field-group-email elementor-col-100 elementor-field-required elementor-mark-required\">\n\t\t\t\t\t\t\t\t\t\t\t\t<label for=\"form-field-email\" class=\"elementor-field-label\">\n\t\t\t\t\t\t\t\tE-mail\t\t\t\t\t\t\t<\/label>\n\t\t\t\t\t\t\t\t\t\t\t\t\t\t<input size=\"1\" type=\"email\" name=\"form_fields[email]\" id=\"form-field-email\" class=\"elementor-field elementor-size-md  elementor-field-textual\" placeholder=\"E-mail\" required=\"required\">\n\t\t\t\t\t\t\t\t\t\t\t<\/div>\n\t\t\t\t\t\t\t\t<div class=\"elementor-field-type-tel elementor-field-group elementor-column elementor-field-group-field_e604f42 elementor-col-100\">\n\t\t\t\t\t\t\t\t\t\t\t\t<label for=\"form-field-field_e604f42\" class=\"elementor-field-label\">\n\t\t\t\t\t\t\t\tT\u00e9l\u00e9phone\t\t\t\t\t\t\t<\/label>\n\t\t\t\t\t\t\t\t<input size=\"1\" type=\"tel\" name=\"form_fields[field_e604f42]\" id=\"form-field-field_e604f42\" class=\"elementor-field elementor-size-md  elementor-field-textual\" placeholder=\"T\u00e9l\u00e9phone\" pattern=\"[0-9()#&amp;+*-=.]+\" title=\"Seuls les caract\u00e8res de num\u00e9ros de t\u00e9l\u00e9phone (#, -, *, etc.) sont accept\u00e9s.\">\n\n\t\t\t\t\t\t<\/div>\n\t\t\t\t\t\t\t\t<div class=\"elementor-field-type-textarea elementor-field-group elementor-column elementor-field-group-message elementor-col-100 elementor-field-required elementor-mark-required\">\n\t\t\t\t\t\t\t\t\t\t\t\t<label for=\"form-field-message\" class=\"elementor-field-label\">\n\t\t\t\t\t\t\t\tMessage  \t\t\t\t\t\t\t<\/label>\n\t\t\t\t\t\t<textarea class=\"elementor-field-textual elementor-field  elementor-size-md\" name=\"form_fields[message]\" id=\"form-field-message\" rows=\"4\" placeholder=\"Message  \" required=\"required\"><\/textarea>\t\t\t\t<\/div>\n\t\t\t\t\t\t\t\t<div class=\"elementor-field-type-recaptcha_v3 elementor-field-group elementor-column elementor-field-group-field_75d5dca elementor-col-100 recaptcha_v3-bottomright\">\n\t\t\t\t\t<div class=\"elementor-field\" id=\"form-field-field_75d5dca\"><div class=\"elementor-g-recaptcha\" data-sitekey=\"6LdrEGosAAAAAMcnpdQnaMVt3GjuKYwjcVvgvDDS\" data-type=\"v3\" data-action=\"Form\" data-badge=\"bottomright\" data-size=\"invisible\"><\/div><\/div>\t\t\t\t<\/div>\n\t\t\t\t\t\t\t\t<div class=\"elementor-field-type-acceptance elementor-field-group elementor-column elementor-field-group-field_e389546 elementor-col-100\">\n\t\t\t\t\t\t\t<div class=\"elementor-field-subgroup\">\n\t\t\t<span class=\"elementor-field-option\">\n\t\t\t\t<input type=\"checkbox\" name=\"form_fields[field_e389546]\" id=\"form-field-field_e389546\" class=\"elementor-field elementor-size-md  elementor-acceptance-field\">\n\t\t\t\t<label for=\"form-field-field_e389546\">J\u2019accepte la <a target=\"_blank\" href=\"https:\/\/www.autenticabelles.com\/politica-de-privacitat\/\">politique de confidentialit\u00e9 d\u2019Aut\u00e8ntic Abelles<\/a>.<\/label>\t\t\t<\/span>\n\t\t<\/div>\n\t\t\t\t\t\t<\/div>\n\t\t\t\t\t\t\t\t<div class=\"elementor-field-type-hidden elementor-field-group elementor-column elementor-field-group-field_927fd3c elementor-col-100\">\n\t\t\t\t\t\t\t\t\t\t\t\t\t<input size=\"1\" type=\"hidden\" name=\"form_fields[field_927fd3c]\" id=\"form-field-field_927fd3c\" class=\"elementor-field elementor-size-md  elementor-field-textual\">\n\t\t\t\t\t\t\t\t\t\t\t<\/div>\n\t\t\t\t\t\t\t\t<div class=\"elementor-field-group elementor-column elementor-field-type-submit elementor-col-100 e-form__buttons\">\n\t\t\t\t\t<button class=\"elementor-button elementor-size-sm\" type=\"submit\">\n\t\t\t\t\t\t<span class=\"elementor-button-content-wrapper\">\n\t\t\t\t\t\t\t\t\t\t\t\t\t\t\t\t\t\t\t\t\t\t<span class=\"elementor-button-text\">Envoyer<\/span>\n\t\t\t\t\t\t\t\t\t\t\t\t\t<\/span>\n\t\t\t\t\t<\/button>\n\t\t\t\t<\/div>\n\t\t\t<\/div>\n\t\t<\/form>\n\t\t\t\t\t\t<\/div>\n\t\t\t\t\t<\/div>\n\t\t\t\t<\/div>\n\t\t\t\t<\/div>\n\t\t<div class=\"elementor-element elementor-element-34cc4f6 e-con-full e-flex e-con e-parent\" data-id=\"34cc4f6\" data-element_type=\"container\">\n\t\t\t\t<div class=\"elementor-element elementor-element-50c80b0 elementor-widget-divider--view-line elementor-widget elementor-widget-divider\" data-id=\"50c80b0\" data-element_type=\"widget\" data-widget_type=\"divider.default\">\n\t\t\t\t\t\t\t<div class=\"elementor-divider\">\n\t\t\t<span class=\"elementor-divider-separator\">\n\t\t\t\t\t\t<\/span>\n\t\t<\/div>\n\t\t\t\t\t\t<\/div>\n\t\t\t\t<\/div>\n\t\t<div class=\"elementor-element elementor-element-a7368f6 e-flex e-con-boxed e-con e-parent\" data-id=\"a7368f6\" data-element_type=\"container\">\n\t\t\t\t\t<div class=\"e-con-inner\">\n\t\t<div class=\"elementor-element elementor-element-ebc5e77 e-con-full e-flex e-con e-child\" data-id=\"ebc5e77\" data-element_type=\"container\">\n\t\t\t\t<div class=\"elementor-element elementor-element-b34d9c9 subtitle-position-above elementor-align-left elementor-widget elementor-widget-beezi-heading\" data-id=\"b34d9c9\" data-element_type=\"widget\" data-widget_type=\"beezi-heading.default\">\n\t\t\t\t<div class=\"elementor-widget-container\">\n\t\t\t\t\t<div class=\"elementor-heading-wrapper-inner\"><h2 class=\"elementor-heading-title elementor-size-default\">Adresse Exp\u00e9riences<\/h2><\/div>\t\t\t\t<\/div>\n\t\t\t\t<\/div>\n\t\t\t\t<div class=\"elementor-element elementor-element-e502526 elementor-widget elementor-widget-text-editor\" data-id=\"e502526\" data-element_type=\"widget\" data-widget_type=\"text-editor.default\">\n\t\t\t\t\t\t\t\t\t<p>HJF3+CG, AD100, El Vilar &#8211; CANILLO &#8211; ANDORRE<br><br><strong>Comment s\u2019y rendre ?<\/strong><\/p>\t\t\t\t\t\t\t\t<\/div>\n\t\t\t\t<div class=\"elementor-element elementor-element-32a8d8b elementor-widget elementor-widget-google_maps\" data-id=\"32a8d8b\" data-element_type=\"widget\" data-widget_type=\"google_maps.default\">\n\t\t\t\t\t\t\t<div class=\"elementor-custom-embed\">\n\t\t\t<iframe loading=\"lazy\"\n\t\t\t\t\tsrc=\"https:\/\/maps.google.com\/maps?q=Aut%C3%A8ntic%20Abelles%20Experi%C3%A8ncies&#038;t=m&#038;z=10&#038;output=embed&#038;iwloc=near\"\n\t\t\t\t\ttitle=\"Aut\u00e8ntic Abelles Experi\u00e8ncies\"\n\t\t\t\t\taria-label=\"Aut\u00e8ntic Abelles Experi\u00e8ncies\"\n\t\t\t><\/iframe>\n\t\t<\/div>\n\t\t\t\t\t\t<\/div>\n\t\t\t\t<\/div>\n\t\t<div class=\"elementor-element elementor-element-c839010 e-con-full e-flex e-con e-child\" data-id=\"c839010\" data-element_type=\"container\">\n\t\t\t\t<div class=\"elementor-element elementor-element-e693472 subtitle-position-above elementor-align-left elementor-widget elementor-widget-beezi-heading\" data-id=\"e693472\" data-element_type=\"widget\" data-widget_type=\"beezi-heading.default\">\n\t\t\t\t<div class=\"elementor-widget-container\">\n\t\t\t\t\t<div class=\"elementor-heading-wrapper-inner\"><h2 class=\"elementor-heading-title elementor-size-default\">Adresse Boutique \/ Atelier<\/h2><\/div>\t\t\t\t<\/div>\n\t\t\t\t<\/div>\n\t\t\t\t<div class=\"elementor-element elementor-element-2dc9bf7 elementor-widget elementor-widget-text-editor\" data-id=\"2dc9bf7\" data-element_type=\"widget\" data-widget_type=\"text-editor.default\">\n\t\t\t\t\t\t\t\t\t<p>Edifici Jandelsastre, baixos, Local, 2, AD100 Incles &#8211; ANDORRE<br><br><strong>Comment s\u2019y rendre ?<\/strong><\/p>\t\t\t\t\t\t\t\t<\/div>\n\t\t\t\t<div class=\"elementor-element elementor-element-055ecdf elementor-widget elementor-widget-google_maps\" data-id=\"055ecdf\" data-element_type=\"widget\" data-widget_type=\"google_maps.default\">\n\t\t\t\t\t\t\t<div class=\"elementor-custom-embed\">\n\t\t\t<iframe loading=\"lazy\"\n\t\t\t\t\tsrc=\"https:\/\/maps.google.com\/maps?q=Aut%C3%A8ntic%20Abelles&#038;t=m&#038;z=10&#038;output=embed&#038;iwloc=near\"\n\t\t\t\t\ttitle=\"Aut\u00e8ntic Abelles\"\n\t\t\t\t\taria-label=\"Aut\u00e8ntic Abelles\"\n\t\t\t><\/iframe>\n\t\t<\/div>\n\t\t\t\t\t\t<\/div>\n\t\t\t\t<\/div>\n\t\t\t\t\t<\/div>\n\t\t\t\t<\/div>\n\t\t\t\t<\/div>\n\t\t","protected":false},"excerpt":{"rendered":"<p>Contactez-nous Vous avez une question, un doute ?Envoyez-nous un message par e-mail ou appelez-nous ! T\u00e9l\u00e9phones :+376 383 142 (Vanessa)+376 351 685 (Mathieu) Instagram Facebook-f Beezi-icon-youtube1 Adresse Exp\u00e9riences HJF3+CG, AD100, El Vilar &#8211; CANILLO &#8211; ANDORRE Comment s\u2019y rendre ? Adresse Boutique \/ Atelier Edifici Jandelsastre, baixos, Local, 2, AD100 Incles &#8211; ANDORRE Comment s\u2019y [&hellip;]<\/p>\n","protected":false},"author":1,"featured_media":0,"parent":0,"menu_order":0,"comment_status":"closed","ping_status":"closed","template":"elementor_header_footer","meta":{"footnotes":""},"class_list":["post-10341","page","type-page","status-publish","hentry"],"yoast_head":"<!-- This site is optimized with the Yoast SEO plugin v27.3 - https:\/\/yoast.com\/product\/yoast-seo-wordpress\/ -->\n<title>Contact - Aut\u00e8ntic Abelles<\/title>\n<meta name=\"robots\" content=\"index, follow, max-snippet:-1, max-image-preview:large, max-video-preview:-1\" \/>\n<link rel=\"canonical\" href=\"https:\/\/www.autenticabelles.com\/fr\/contact\/\" \/>\n<meta property=\"og:locale\" content=\"fr_FR\" \/>\n<meta property=\"og:type\" content=\"article\" \/>\n<meta property=\"og:title\" content=\"Contact - Aut\u00e8ntic Abelles\" \/>\n<meta property=\"og:description\" content=\"Contactez-nous Vous avez une question, un doute ?Envoyez-nous un message par e-mail ou appelez-nous ! T\u00e9l\u00e9phones :+376 383 142 (Vanessa)+376 351 685 (Mathieu) Instagram Facebook-f Beezi-icon-youtube1 Adresse Exp\u00e9riences HJF3+CG, AD100, El Vilar &#8211; CANILLO &#8211; ANDORRE Comment s\u2019y rendre ? Adresse Boutique \/ Atelier Edifici Jandelsastre, baixos, Local, 2, AD100 Incles &#8211; ANDORRE Comment s\u2019y [&hellip;]\" \/>\n<meta property=\"og:url\" content=\"https:\/\/www.autenticabelles.com\/fr\/contact\/\" \/>\n<meta property=\"og:site_name\" content=\"Aut\u00e8ntic Abelles\" \/>\n<meta property=\"article:publisher\" content=\"https:\/\/www.facebook.com\/apicultorandorra\" \/>\n<meta property=\"article:modified_time\" content=\"2026-03-31T10:47:06+00:00\" \/>\n<meta property=\"og:image\" content=\"https:\/\/www.autenticabelles.com\/wp-content\/uploads\/2026\/02\/abella.png\" \/>\n<meta name=\"twitter:card\" content=\"summary_large_image\" \/>\n<script type=\"application\/ld+json\" class=\"yoast-schema-graph\">{\"@context\":\"https:\\\/\\\/schema.org\",\"@graph\":[{\"@type\":\"WebPage\",\"@id\":\"https:\\\/\\\/www.autenticabelles.com\\\/fr\\\/contact\\\/\",\"url\":\"https:\\\/\\\/www.autenticabelles.com\\\/fr\\\/contact\\\/\",\"name\":\"Contact - Aut\u00e8ntic Abelles\",\"isPartOf\":{\"@id\":\"https:\\\/\\\/www.autenticabelles.com\\\/fr\\\/#website\"},\"primaryImageOfPage\":{\"@id\":\"https:\\\/\\\/www.autenticabelles.com\\\/fr\\\/contact\\\/#primaryimage\"},\"image\":{\"@id\":\"https:\\\/\\\/www.autenticabelles.com\\\/fr\\\/contact\\\/#primaryimage\"},\"thumbnailUrl\":\"https:\\\/\\\/www.autenticabelles.com\\\/wp-content\\\/uploads\\\/2026\\\/02\\\/abella.png\",\"datePublished\":\"2026-01-28T21:52:10+00:00\",\"dateModified\":\"2026-03-31T10:47:06+00:00\",\"breadcrumb\":{\"@id\":\"https:\\\/\\\/www.autenticabelles.com\\\/fr\\\/contact\\\/#breadcrumb\"},\"inLanguage\":\"fr-FR\",\"potentialAction\":[{\"@type\":\"ReadAction\",\"target\":[\"https:\\\/\\\/www.autenticabelles.com\\\/fr\\\/contact\\\/\"]}]},{\"@type\":\"ImageObject\",\"inLanguage\":\"fr-FR\",\"@id\":\"https:\\\/\\\/www.autenticabelles.com\\\/fr\\\/contact\\\/#primaryimage\",\"url\":\"https:\\\/\\\/www.autenticabelles.com\\\/wp-content\\\/uploads\\\/2026\\\/02\\\/abella.png\",\"contentUrl\":\"https:\\\/\\\/www.autenticabelles.com\\\/wp-content\\\/uploads\\\/2026\\\/02\\\/abella.png\"},{\"@type\":\"BreadcrumbList\",\"@id\":\"https:\\\/\\\/www.autenticabelles.com\\\/fr\\\/contact\\\/#breadcrumb\",\"itemListElement\":[{\"@type\":\"ListItem\",\"position\":1,\"name\":\"Inici\",\"item\":\"https:\\\/\\\/www.autenticabelles.com\\\/fr\\\/\"},{\"@type\":\"ListItem\",\"position\":2,\"name\":\"Contact\"}]},{\"@type\":\"WebSite\",\"@id\":\"https:\\\/\\\/www.autenticabelles.com\\\/fr\\\/#website\",\"url\":\"https:\\\/\\\/www.autenticabelles.com\\\/fr\\\/\",\"name\":\"Aut\u00e8ntic Abelles\",\"description\":\"Experi\u00e8ncies d&#039;apiter\u00e0pia, Apicultor i Productor de Mel a Andorra\",\"publisher\":{\"@id\":\"https:\\\/\\\/www.autenticabelles.com\\\/fr\\\/#organization\"},\"potentialAction\":[{\"@type\":\"SearchAction\",\"target\":{\"@type\":\"EntryPoint\",\"urlTemplate\":\"https:\\\/\\\/www.autenticabelles.com\\\/fr\\\/?s={search_term_string}\"},\"query-input\":{\"@type\":\"PropertyValueSpecification\",\"valueRequired\":true,\"valueName\":\"search_term_string\"}}],\"inLanguage\":\"fr-FR\"},{\"@type\":\"Organization\",\"@id\":\"https:\\\/\\\/www.autenticabelles.com\\\/fr\\\/#organization\",\"name\":\"Aut\u00e8ntic Abelles Experi\u00e8ncies\",\"url\":\"https:\\\/\\\/www.autenticabelles.com\\\/fr\\\/\",\"logo\":{\"@type\":\"ImageObject\",\"inLanguage\":\"fr-FR\",\"@id\":\"https:\\\/\\\/www.autenticabelles.com\\\/fr\\\/#\\\/schema\\\/logo\\\/image\\\/\",\"url\":\"https:\\\/\\\/www.autenticabelles.com\\\/wp-content\\\/uploads\\\/2026\\\/01\\\/logo_autentic.png\",\"contentUrl\":\"https:\\\/\\\/www.autenticabelles.com\\\/wp-content\\\/uploads\\\/2026\\\/01\\\/logo_autentic.png\",\"width\":1559,\"height\":693,\"caption\":\"Aut\u00e8ntic Abelles Experi\u00e8ncies\"},\"image\":{\"@id\":\"https:\\\/\\\/www.autenticabelles.com\\\/fr\\\/#\\\/schema\\\/logo\\\/image\\\/\"},\"sameAs\":[\"https:\\\/\\\/www.facebook.com\\\/apicultorandorra\",\"https:\\\/\\\/www.instagram.com\\\/autentic_abelles\",\"https:\\\/\\\/www.youtube.com\\\/watch?v=2RfDH1qWW_o\"]}]}<\/script>\n<!-- \/ Yoast SEO plugin. -->","yoast_head_json":{"title":"Contact - Aut\u00e8ntic Abelles","robots":{"index":"index","follow":"follow","max-snippet":"max-snippet:-1","max-image-preview":"max-image-preview:large","max-video-preview":"max-video-preview:-1"},"canonical":"https:\/\/www.autenticabelles.com\/fr\/contact\/","og_locale":"fr_FR","og_type":"article","og_title":"Contact - Aut\u00e8ntic Abelles","og_description":"Contactez-nous Vous avez une question, un doute ?Envoyez-nous un message par e-mail ou appelez-nous ! T\u00e9l\u00e9phones :+376 383 142 (Vanessa)+376 351 685 (Mathieu) Instagram Facebook-f Beezi-icon-youtube1 Adresse Exp\u00e9riences HJF3+CG, AD100, El Vilar &#8211; CANILLO &#8211; ANDORRE Comment s\u2019y rendre ? Adresse Boutique \/ Atelier Edifici Jandelsastre, baixos, Local, 2, AD100 Incles &#8211; ANDORRE Comment s\u2019y [&hellip;]","og_url":"https:\/\/www.autenticabelles.com\/fr\/contact\/","og_site_name":"Aut\u00e8ntic Abelles","article_publisher":"https:\/\/www.facebook.com\/apicultorandorra","article_modified_time":"2026-03-31T10:47:06+00:00","og_image":[{"url":"https:\/\/www.autenticabelles.com\/wp-content\/uploads\/2026\/02\/abella.png","type":"","width":"","height":""}],"twitter_card":"summary_large_image","schema":{"@context":"https:\/\/schema.org","@graph":[{"@type":"WebPage","@id":"https:\/\/www.autenticabelles.com\/fr\/contact\/","url":"https:\/\/www.autenticabelles.com\/fr\/contact\/","name":"Contact - Aut\u00e8ntic Abelles","isPartOf":{"@id":"https:\/\/www.autenticabelles.com\/fr\/#website"},"primaryImageOfPage":{"@id":"https:\/\/www.autenticabelles.com\/fr\/contact\/#primaryimage"},"image":{"@id":"https:\/\/www.autenticabelles.com\/fr\/contact\/#primaryimage"},"thumbnailUrl":"https:\/\/www.autenticabelles.com\/wp-content\/uploads\/2026\/02\/abella.png","datePublished":"2026-01-28T21:52:10+00:00","dateModified":"2026-03-31T10:47:06+00:00","breadcrumb":{"@id":"https:\/\/www.autenticabelles.com\/fr\/contact\/#breadcrumb"},"inLanguage":"fr-FR","potentialAction":[{"@type":"ReadAction","target":["https:\/\/www.autenticabelles.com\/fr\/contact\/"]}]},{"@type":"ImageObject","inLanguage":"fr-FR","@id":"https:\/\/www.autenticabelles.com\/fr\/contact\/#primaryimage","url":"https:\/\/www.autenticabelles.com\/wp-content\/uploads\/2026\/02\/abella.png","contentUrl":"https:\/\/www.autenticabelles.com\/wp-content\/uploads\/2026\/02\/abella.png"},{"@type":"BreadcrumbList","@id":"https:\/\/www.autenticabelles.com\/fr\/contact\/#breadcrumb","itemListElement":[{"@type":"ListItem","position":1,"name":"Inici","item":"https:\/\/www.autenticabelles.com\/fr\/"},{"@type":"ListItem","position":2,"name":"Contact"}]},{"@type":"WebSite","@id":"https:\/\/www.autenticabelles.com\/fr\/#website","url":"https:\/\/www.autenticabelles.com\/fr\/","name":"Aut\u00e8ntic Abelles","description":"Experi\u00e8ncies d&#039;apiter\u00e0pia, Apicultor i Productor de Mel a Andorra","publisher":{"@id":"https:\/\/www.autenticabelles.com\/fr\/#organization"},"potentialAction":[{"@type":"SearchAction","target":{"@type":"EntryPoint","urlTemplate":"https:\/\/www.autenticabelles.com\/fr\/?s={search_term_string}"},"query-input":{"@type":"PropertyValueSpecification","valueRequired":true,"valueName":"search_term_string"}}],"inLanguage":"fr-FR"},{"@type":"Organization","@id":"https:\/\/www.autenticabelles.com\/fr\/#organization","name":"Aut\u00e8ntic Abelles Experi\u00e8ncies","url":"https:\/\/www.autenticabelles.com\/fr\/","logo":{"@type":"ImageObject","inLanguage":"fr-FR","@id":"https:\/\/www.autenticabelles.com\/fr\/#\/schema\/logo\/image\/","url":"https:\/\/www.autenticabelles.com\/wp-content\/uploads\/2026\/01\/logo_autentic.png","contentUrl":"https:\/\/www.autenticabelles.com\/wp-content\/uploads\/2026\/01\/logo_autentic.png","width":1559,"height":693,"caption":"Aut\u00e8ntic Abelles Experi\u00e8ncies"},"image":{"@id":"https:\/\/www.autenticabelles.com\/fr\/#\/schema\/logo\/image\/"},"sameAs":["https:\/\/www.facebook.com\/apicultorandorra","https:\/\/www.instagram.com\/autentic_abelles","https:\/\/www.youtube.com\/watch?v=2RfDH1qWW_o"]}]}},"_links":{"self":[{"href":"https:\/\/www.autenticabelles.com\/fr\/wp-json\/wp\/v2\/pages\/10341","targetHints":{"allow":["GET"]}}],"collection":[{"href":"https:\/\/www.autenticabelles.com\/fr\/wp-json\/wp\/v2\/pages"}],"about":[{"href":"https:\/\/www.autenticabelles.com\/fr\/wp-json\/wp\/v2\/types\/page"}],"author":[{"embeddable":true,"href":"https:\/\/www.autenticabelles.com\/fr\/wp-json\/wp\/v2\/users\/1"}],"replies":[{"embeddable":true,"href":"https:\/\/www.autenticabelles.com\/fr\/wp-json\/wp\/v2\/comments?post=10341"}],"version-history":[{"count":4,"href":"https:\/\/www.autenticabelles.com\/fr\/wp-json\/wp\/v2\/pages\/10341\/revisions"}],"predecessor-version":[{"id":10517,"href":"https:\/\/www.autenticabelles.com\/fr\/wp-json\/wp\/v2\/pages\/10341\/revisions\/10517"}],"wp:attachment":[{"href":"https:\/\/www.autenticabelles.com\/fr\/wp-json\/wp\/v2\/media?parent=10341"}],"curies":[{"name":"wp","href":"https:\/\/api.w.org\/{rel}","templated":true}]}}