{"id":10415,"date":"2026-01-22T11:04:47","date_gmt":"2026-01-22T09:04:47","guid":{"rendered":"https:\/\/www.autenticabelles.com\/experiences\/"},"modified":"2026-03-31T12:07:03","modified_gmt":"2026-03-31T10:07:03","slug":"experiences","status":"publish","type":"page","link":"https:\/\/www.autenticabelles.com\/fr\/experiences\/","title":{"rendered":"Exp\u00e9riences"},"content":{"rendered":"\t\t<div data-elementor-type=\"wp-page\" data-elementor-id=\"10415\" class=\"elementor elementor-10415 elementor-7972\" data-elementor-post-type=\"page\">\n\t\t\t\t<div class=\"elementor-element elementor-element-6900e53 e-flex e-con-boxed e-con e-parent\" data-id=\"6900e53\" data-element_type=\"container\">\n\t\t\t\t\t<div class=\"e-con-inner\">\n\t\t\t\t<div class=\"elementor-element elementor-element-0144013 elementor-widget elementor-widget-spacer\" data-id=\"0144013\" data-element_type=\"widget\" data-widget_type=\"spacer.default\">\n\t\t\t\t\t\t\t<div class=\"elementor-spacer\">\n\t\t\t<div class=\"elementor-spacer-inner\"><\/div>\n\t\t<\/div>\n\t\t\t\t\t\t<\/div>\n\t\t\t\t<div class=\"elementor-element elementor-element-600f329 elementor-widget elementor-widget-heading\" data-id=\"600f329\" data-element_type=\"widget\" data-widget_type=\"heading.default\">\n\t\t\t\t\t<h1 class=\"elementor-heading-title elementor-size-default\">Exp\u00e9riences<\/h1>\t\t\t\t<\/div>\n\t\t\n\n\t\t<div class=\"elementor-element elementor-element-596991f elementor-widget elementor-widget-text-editor\" data-id=\"596991f\" data-element_type=\"widget\" data-widget_type=\"text-editor.default\">\n\t\t\t\t\t\t\t\t\t<p><span style=\"font-weight: 400;\">Vivez des exp\u00e9riences locales, authentiques et respectueuses de la nature, con\u00e7ues pour renouer avec le calme, la sant\u00e9 et l\u2019harmonie int\u00e9rieure.<\/span><\/p>\t\t\t\t\t\t\t\t<\/div>\n\t\t\t\t\t<\/div>\n\t\t\t\t<\/div>\n\t\t<div class=\"elementor-element elementor-element-88846e4 e-con-full e-flex e-con e-parent\" data-id=\"88846e4\" data-element_type=\"container\">\n\t\t\t\t<div class=\"elementor-element elementor-element-607fc72 elementor-grid-3 elementor-grid-tablet-2 elementor-grid-mobile-1 elementor-widget elementor-widget-portfolio\" data-id=\"607fc72\" data-element_type=\"widget\" data-settings=\"{&quot;columns&quot;:&quot;3&quot;,&quot;columns_tablet&quot;:&quot;2&quot;,&quot;columns_mobile&quot;:&quot;1&quot;,&quot;item_ratio&quot;:{&quot;unit&quot;:&quot;px&quot;,&quot;size&quot;:0.66,&quot;sizes&quot;:[]},&quot;item_gap&quot;:{&quot;unit&quot;:&quot;px&quot;,&quot;size&quot;:&quot;&quot;,&quot;sizes&quot;:[]},&quot;row_gap&quot;:{&quot;unit&quot;:&quot;px&quot;,&quot;size&quot;:&quot;&quot;,&quot;sizes&quot;:[]}}\" data-widget_type=\"portfolio.default\">\n\t\t\t\t<div class=\"elementor-widget-container\">\n\t\t\t\t\t\t\t<div class=\"elementor-portfolio elementor-grid elementor-posts-container\" role=\"list\">\n\t\t\t\t<article class=\"elementor-portfolio-item elementor-post  post-10354 post type-post status-publish format-standard has-post-thumbnail hentry category-non-classe\" role=\"listitem\">\n\t\t\t<a class=\"elementor-post__thumbnail__link\" href=\"https:\/\/www.autenticabelles.com\/fr\/therapie-vibratoire\/\">\n\t\t\t\t<div class=\"elementor-portfolio-item__img elementor-post__thumbnail\">\n\t\t\t<img fetchpriority=\"high\" decoding=\"async\" width=\"980\" height=\"330\" src=\"https:\/\/www.autenticabelles.com\/wp-content\/uploads\/2026\/01\/slides-terapia-vibracional-1024x345.jpg\" class=\"attachment-large size-large wp-image-10356\" alt=\"\" srcset=\"https:\/\/www.autenticabelles.com\/wp-content\/uploads\/2026\/01\/slides-terapia-vibracional-1024x345.jpg 1024w, https:\/\/www.autenticabelles.com\/wp-content\/uploads\/2026\/01\/slides-terapia-vibracional-300x101.jpg 300w, https:\/\/www.autenticabelles.com\/wp-content\/uploads\/2026\/01\/slides-terapia-vibracional-768x259.jpg 768w, https:\/\/www.autenticabelles.com\/wp-content\/uploads\/2026\/01\/slides-terapia-vibracional-600x202.jpg 600w, https:\/\/www.autenticabelles.com\/wp-content\/uploads\/2026\/01\/slides-terapia-vibracional.jpg 1497w\" sizes=\"(max-width: 980px) 100vw, 980px\" \/>\t\t<\/div>\n\t\t\t\t<div class=\"elementor-portfolio-item__overlay\">\n\t\t\t\t<h3 class=\"elementor-portfolio-item__title\">\n\t\tTh\u00e9rapie vibratoire sur des ruches\t\t<\/h3>\n\t\t\t\t<\/div>\n\t\t\t\t<\/a>\n\t\t<\/article>\n\t\t\t\t<article class=\"elementor-portfolio-item elementor-post  post-10353 post type-post status-publish format-standard has-post-thumbnail hentry category-non-classe\" role=\"listitem\">\n\t\t\t<a class=\"elementor-post__thumbnail__link\" href=\"https:\/\/www.autenticabelles.com\/fr\/inhalation-air-ruche\/\">\n\t\t\t\t<div class=\"elementor-portfolio-item__img elementor-post__thumbnail\">\n\t\t\t<img decoding=\"async\" width=\"980\" height=\"654\" src=\"https:\/\/www.autenticabelles.com\/wp-content\/uploads\/2026\/01\/ABELLES088-1024x683.jpg\" class=\"attachment-large size-large wp-image-10308\" alt=\"\" srcset=\"https:\/\/www.autenticabelles.com\/wp-content\/uploads\/2026\/01\/ABELLES088-1024x683.jpg 1024w, https:\/\/www.autenticabelles.com\/wp-content\/uploads\/2026\/01\/ABELLES088-300x200.jpg 300w, https:\/\/www.autenticabelles.com\/wp-content\/uploads\/2026\/01\/ABELLES088-768x512.jpg 768w, https:\/\/www.autenticabelles.com\/wp-content\/uploads\/2026\/01\/ABELLES088-1536x1024.jpg 1536w, https:\/\/www.autenticabelles.com\/wp-content\/uploads\/2026\/01\/ABELLES088-2048x1365.jpg 2048w, https:\/\/www.autenticabelles.com\/wp-content\/uploads\/2026\/01\/ABELLES088-600x400.jpg 600w\" sizes=\"(max-width: 980px) 100vw, 980px\" \/>\t\t<\/div>\n\t\t\t\t<div class=\"elementor-portfolio-item__overlay\">\n\t\t\t\t<h3 class=\"elementor-portfolio-item__title\">\n\t\tInhalation d&rsquo;air de ruche\t\t<\/h3>\n\t\t\t\t<\/div>\n\t\t\t\t<\/a>\n\t\t<\/article>\n\t\t\t\t<article class=\"elementor-portfolio-item elementor-post  post-10351 post type-post status-publish format-standard has-post-thumbnail hentry category-non-classe\" role=\"listitem\">\n\t\t\t<a class=\"elementor-post__thumbnail__link\" href=\"https:\/\/www.autenticabelles.com\/fr\/pack-experiences\/\">\n\t\t\t\t<div class=\"elementor-portfolio-item__img elementor-post__thumbnail\">\n\t\t\t<img decoding=\"async\" width=\"980\" height=\"551\" src=\"https:\/\/www.autenticabelles.com\/wp-content\/uploads\/2023\/04\/ABELLES-AUTENTIC-EXPERIENCIES-1-MIN-v2.00_00_01_10.Imagen-fija001-1024x576.jpg\" class=\"attachment-large size-large wp-image-10352\" alt=\"\" srcset=\"https:\/\/www.autenticabelles.com\/wp-content\/uploads\/2023\/04\/ABELLES-AUTENTIC-EXPERIENCIES-1-MIN-v2.00_00_01_10.Imagen-fija001-1024x576.jpg 1024w, https:\/\/www.autenticabelles.com\/wp-content\/uploads\/2023\/04\/ABELLES-AUTENTIC-EXPERIENCIES-1-MIN-v2.00_00_01_10.Imagen-fija001-300x169.jpg 300w, https:\/\/www.autenticabelles.com\/wp-content\/uploads\/2023\/04\/ABELLES-AUTENTIC-EXPERIENCIES-1-MIN-v2.00_00_01_10.Imagen-fija001-768x432.jpg 768w, https:\/\/www.autenticabelles.com\/wp-content\/uploads\/2023\/04\/ABELLES-AUTENTIC-EXPERIENCIES-1-MIN-v2.00_00_01_10.Imagen-fija001-1536x864.jpg 1536w, https:\/\/www.autenticabelles.com\/wp-content\/uploads\/2023\/04\/ABELLES-AUTENTIC-EXPERIENCIES-1-MIN-v2.00_00_01_10.Imagen-fija001-600x338.jpg 600w, https:\/\/www.autenticabelles.com\/wp-content\/uploads\/2023\/04\/ABELLES-AUTENTIC-EXPERIENCIES-1-MIN-v2.00_00_01_10.Imagen-fija001.jpg 1920w\" sizes=\"(max-width: 980px) 100vw, 980px\" \/>\t\t<\/div>\n\t\t\t\t<div class=\"elementor-portfolio-item__overlay\">\n\t\t\t\t<h3 class=\"elementor-portfolio-item__title\">\n\t\tPack d&rsquo;experi\u00e8ncies (Inhalation + Th\u00e9rapie)\t\t<\/h3>\n\t\t\t\t<\/div>\n\t\t\t\t<\/a>\n\t\t<\/article>\n\t\t\t\t<article class=\"elementor-portfolio-item elementor-post  post-10348 post type-post status-publish format-standard has-post-thumbnail hentry category-non-classe\" role=\"listitem\">\n\t\t\t<a class=\"elementor-post__thumbnail__link\" href=\"https:\/\/www.autenticabelles.com\/fr\/visites-ruches\/\">\n\t\t\t\t<div class=\"elementor-portfolio-item__img elementor-post__thumbnail\">\n\t\t\t<img loading=\"lazy\" decoding=\"async\" width=\"980\" height=\"551\" src=\"https:\/\/www.autenticabelles.com\/wp-content\/uploads\/2026\/02\/P7240655-1024x576.jpg\" class=\"attachment-large size-large wp-image-10350\" alt=\"visita ruscos andorra\" srcset=\"https:\/\/www.autenticabelles.com\/wp-content\/uploads\/2026\/02\/P7240655-1024x576.jpg 1024w, https:\/\/www.autenticabelles.com\/wp-content\/uploads\/2026\/02\/P7240655-300x169.jpg 300w, https:\/\/www.autenticabelles.com\/wp-content\/uploads\/2026\/02\/P7240655-768x432.jpg 768w, https:\/\/www.autenticabelles.com\/wp-content\/uploads\/2026\/02\/P7240655-1536x864.jpg 1536w, https:\/\/www.autenticabelles.com\/wp-content\/uploads\/2026\/02\/P7240655-2048x1152.jpg 2048w, https:\/\/www.autenticabelles.com\/wp-content\/uploads\/2026\/02\/P7240655-600x338.jpg 600w\" sizes=\"(max-width: 980px) 100vw, 980px\" \/>\t\t<\/div>\n\t\t\t\t<div class=\"elementor-portfolio-item__overlay\">\n\t\t\t\t<h3 class=\"elementor-portfolio-item__title\">\n\t\tVisites de ruches\t\t<\/h3>\n\t\t\t\t<\/div>\n\t\t\t\t<\/a>\n\t\t<\/article>\n\t\t\t\t<article class=\"elementor-portfolio-item elementor-post  post-10346 post type-post status-publish format-standard has-post-thumbnail hentry category-non-classe\" role=\"listitem\">\n\t\t\t<a class=\"elementor-post__thumbnail__link\" href=\"https:\/\/www.autenticabelles.com\/fr\/pack-10-sessions-inhalation-air-ruche\/\">\n\t\t\t\t<div class=\"elementor-portfolio-item__img elementor-post__thumbnail\">\n\t\t\t<img loading=\"lazy\" decoding=\"async\" width=\"980\" height=\"654\" src=\"https:\/\/www.autenticabelles.com\/wp-content\/uploads\/2026\/01\/ABELLES059-1024x683.jpg\" class=\"attachment-large size-large wp-image-10347\" alt=\"\" srcset=\"https:\/\/www.autenticabelles.com\/wp-content\/uploads\/2026\/01\/ABELLES059-1024x683.jpg 1024w, https:\/\/www.autenticabelles.com\/wp-content\/uploads\/2026\/01\/ABELLES059-300x200.jpg 300w, https:\/\/www.autenticabelles.com\/wp-content\/uploads\/2026\/01\/ABELLES059-768x512.jpg 768w, https:\/\/www.autenticabelles.com\/wp-content\/uploads\/2026\/01\/ABELLES059-1536x1024.jpg 1536w, https:\/\/www.autenticabelles.com\/wp-content\/uploads\/2026\/01\/ABELLES059-2048x1365.jpg 2048w, https:\/\/www.autenticabelles.com\/wp-content\/uploads\/2026\/01\/ABELLES059-600x400.jpg 600w\" sizes=\"(max-width: 980px) 100vw, 980px\" \/>\t\t<\/div>\n\t\t\t\t<div class=\"elementor-portfolio-item__overlay\">\n\t\t\t\t<h3 class=\"elementor-portfolio-item__title\">\n\t\tPack de 10 sessions Inhalation d&rsquo;air de ruche\t\t<\/h3>\n\t\t\t\t<\/div>\n\t\t\t\t<\/a>\n\t\t<\/article>\n\t\t\t\t<article class=\"elementor-portfolio-item elementor-post  post-10344 post type-post status-publish format-standard has-post-thumbnail hentry category-non-classe\" role=\"listitem\">\n\t\t\t<a class=\"elementor-post__thumbnail__link\" href=\"https:\/\/www.autenticabelles.com\/fr\/pack-10-sessions-therapie-vibratoire\/\">\n\t\t\t\t<div class=\"elementor-portfolio-item__img elementor-post__thumbnail\">\n\t\t\t<img loading=\"lazy\" decoding=\"async\" width=\"980\" height=\"654\" src=\"https:\/\/www.autenticabelles.com\/wp-content\/uploads\/2026\/02\/ABELLES032-1024x683.jpg\" class=\"attachment-large size-large wp-image-10345\" alt=\"\" srcset=\"https:\/\/www.autenticabelles.com\/wp-content\/uploads\/2026\/02\/ABELLES032-1024x683.jpg 1024w, https:\/\/www.autenticabelles.com\/wp-content\/uploads\/2026\/02\/ABELLES032-300x200.jpg 300w, https:\/\/www.autenticabelles.com\/wp-content\/uploads\/2026\/02\/ABELLES032-768x512.jpg 768w, https:\/\/www.autenticabelles.com\/wp-content\/uploads\/2026\/02\/ABELLES032-1536x1024.jpg 1536w, https:\/\/www.autenticabelles.com\/wp-content\/uploads\/2026\/02\/ABELLES032-2048x1365.jpg 2048w, https:\/\/www.autenticabelles.com\/wp-content\/uploads\/2026\/02\/ABELLES032-600x400.jpg 600w\" sizes=\"(max-width: 980px) 100vw, 980px\" \/>\t\t<\/div>\n\t\t\t\t<div class=\"elementor-portfolio-item__overlay\">\n\t\t\t\t<h3 class=\"elementor-portfolio-item__title\">\n\t\tPack de 10 sessions Th\u00e9rapie vibratoire sur des ruches\t\t<\/h3>\n\t\t\t\t<\/div>\n\t\t\t\t<\/a>\n\t\t<\/article>\n\t\t\t\t<\/div>\n\t\t\t\t\t\t<\/div>\n\t\t\t\t<\/div>\n\t\t\t\t<\/div>\n\t\t\t\t<\/div>\n\t\t","protected":false},"excerpt":{"rendered":"<p>Exp\u00e9riences Vivez des exp\u00e9riences locales, authentiques et respectueuses de la nature, con\u00e7ues pour renouer avec le calme, la sant\u00e9 et l\u2019harmonie int\u00e9rieure.<\/p>\n","protected":false},"author":1,"featured_media":0,"parent":0,"menu_order":0,"comment_status":"closed","ping_status":"closed","template":"elementor_header_footer","meta":{"footnotes":""},"class_list":["post-10415","page","type-page","status-publish","hentry"],"yoast_head":"<!-- This site is optimized with the Yoast SEO plugin v27.3 - https:\/\/yoast.com\/product\/yoast-seo-wordpress\/ -->\n<title>Exp\u00e9riences - Aut\u00e8ntic Abelles<\/title>\n<meta name=\"robots\" content=\"index, follow, max-snippet:-1, max-image-preview:large, max-video-preview:-1\" \/>\n<link rel=\"canonical\" href=\"https:\/\/www.autenticabelles.com\/fr\/experiences\/\" \/>\n<meta property=\"og:locale\" content=\"fr_FR\" \/>\n<meta property=\"og:type\" content=\"article\" \/>\n<meta property=\"og:title\" content=\"Exp\u00e9riences - Aut\u00e8ntic Abelles\" \/>\n<meta property=\"og:description\" content=\"Exp\u00e9riences Vivez des exp\u00e9riences locales, authentiques et respectueuses de la nature, con\u00e7ues pour renouer avec le calme, la sant\u00e9 et l\u2019harmonie int\u00e9rieure.\" \/>\n<meta property=\"og:url\" content=\"https:\/\/www.autenticabelles.com\/fr\/experiences\/\" \/>\n<meta property=\"og:site_name\" content=\"Aut\u00e8ntic Abelles\" \/>\n<meta property=\"article:publisher\" content=\"https:\/\/www.facebook.com\/apicultorandorra\" \/>\n<meta property=\"article:modified_time\" content=\"2026-03-31T10:07:03+00:00\" \/>\n<meta name=\"twitter:card\" content=\"summary_large_image\" \/>\n<script type=\"application\/ld+json\" class=\"yoast-schema-graph\">{\"@context\":\"https:\\\/\\\/schema.org\",\"@graph\":[{\"@type\":\"WebPage\",\"@id\":\"https:\\\/\\\/www.autenticabelles.com\\\/fr\\\/experiences\\\/\",\"url\":\"https:\\\/\\\/www.autenticabelles.com\\\/fr\\\/experiences\\\/\",\"name\":\"Exp\u00e9riences - Aut\u00e8ntic Abelles\",\"isPartOf\":{\"@id\":\"https:\\\/\\\/www.autenticabelles.com\\\/fr\\\/#website\"},\"datePublished\":\"2026-01-22T09:04:47+00:00\",\"dateModified\":\"2026-03-31T10:07:03+00:00\",\"breadcrumb\":{\"@id\":\"https:\\\/\\\/www.autenticabelles.com\\\/fr\\\/experiences\\\/#breadcrumb\"},\"inLanguage\":\"fr-FR\",\"potentialAction\":[{\"@type\":\"ReadAction\",\"target\":[\"https:\\\/\\\/www.autenticabelles.com\\\/fr\\\/experiences\\\/\"]}]},{\"@type\":\"BreadcrumbList\",\"@id\":\"https:\\\/\\\/www.autenticabelles.com\\\/fr\\\/experiences\\\/#breadcrumb\",\"itemListElement\":[{\"@type\":\"ListItem\",\"position\":1,\"name\":\"Inici\",\"item\":\"https:\\\/\\\/www.autenticabelles.com\\\/fr\\\/\"},{\"@type\":\"ListItem\",\"position\":2,\"name\":\"Exp\u00e9riences\"}]},{\"@type\":\"WebSite\",\"@id\":\"https:\\\/\\\/www.autenticabelles.com\\\/fr\\\/#website\",\"url\":\"https:\\\/\\\/www.autenticabelles.com\\\/fr\\\/\",\"name\":\"Aut\u00e8ntic Abelles\",\"description\":\"Experi\u00e8ncies d&#039;apiter\u00e0pia, Apicultor i Productor de Mel a Andorra\",\"publisher\":{\"@id\":\"https:\\\/\\\/www.autenticabelles.com\\\/fr\\\/#organization\"},\"potentialAction\":[{\"@type\":\"SearchAction\",\"target\":{\"@type\":\"EntryPoint\",\"urlTemplate\":\"https:\\\/\\\/www.autenticabelles.com\\\/fr\\\/?s={search_term_string}\"},\"query-input\":{\"@type\":\"PropertyValueSpecification\",\"valueRequired\":true,\"valueName\":\"search_term_string\"}}],\"inLanguage\":\"fr-FR\"},{\"@type\":\"Organization\",\"@id\":\"https:\\\/\\\/www.autenticabelles.com\\\/fr\\\/#organization\",\"name\":\"Aut\u00e8ntic Abelles Experi\u00e8ncies\",\"url\":\"https:\\\/\\\/www.autenticabelles.com\\\/fr\\\/\",\"logo\":{\"@type\":\"ImageObject\",\"inLanguage\":\"fr-FR\",\"@id\":\"https:\\\/\\\/www.autenticabelles.com\\\/fr\\\/#\\\/schema\\\/logo\\\/image\\\/\",\"url\":\"https:\\\/\\\/www.autenticabelles.com\\\/wp-content\\\/uploads\\\/2026\\\/01\\\/logo_autentic.png\",\"contentUrl\":\"https:\\\/\\\/www.autenticabelles.com\\\/wp-content\\\/uploads\\\/2026\\\/01\\\/logo_autentic.png\",\"width\":1559,\"height\":693,\"caption\":\"Aut\u00e8ntic Abelles Experi\u00e8ncies\"},\"image\":{\"@id\":\"https:\\\/\\\/www.autenticabelles.com\\\/fr\\\/#\\\/schema\\\/logo\\\/image\\\/\"},\"sameAs\":[\"https:\\\/\\\/www.facebook.com\\\/apicultorandorra\",\"https:\\\/\\\/www.instagram.com\\\/autentic_abelles\",\"https:\\\/\\\/www.youtube.com\\\/watch?v=2RfDH1qWW_o\"]}]}<\/script>\n<!-- \/ Yoast SEO plugin. -->","yoast_head_json":{"title":"Exp\u00e9riences - Aut\u00e8ntic Abelles","robots":{"index":"index","follow":"follow","max-snippet":"max-snippet:-1","max-image-preview":"max-image-preview:large","max-video-preview":"max-video-preview:-1"},"canonical":"https:\/\/www.autenticabelles.com\/fr\/experiences\/","og_locale":"fr_FR","og_type":"article","og_title":"Exp\u00e9riences - Aut\u00e8ntic Abelles","og_description":"Exp\u00e9riences Vivez des exp\u00e9riences locales, authentiques et respectueuses de la nature, con\u00e7ues pour renouer avec le calme, la sant\u00e9 et l\u2019harmonie int\u00e9rieure.","og_url":"https:\/\/www.autenticabelles.com\/fr\/experiences\/","og_site_name":"Aut\u00e8ntic Abelles","article_publisher":"https:\/\/www.facebook.com\/apicultorandorra","article_modified_time":"2026-03-31T10:07:03+00:00","twitter_card":"summary_large_image","schema":{"@context":"https:\/\/schema.org","@graph":[{"@type":"WebPage","@id":"https:\/\/www.autenticabelles.com\/fr\/experiences\/","url":"https:\/\/www.autenticabelles.com\/fr\/experiences\/","name":"Exp\u00e9riences - Aut\u00e8ntic Abelles","isPartOf":{"@id":"https:\/\/www.autenticabelles.com\/fr\/#website"},"datePublished":"2026-01-22T09:04:47+00:00","dateModified":"2026-03-31T10:07:03+00:00","breadcrumb":{"@id":"https:\/\/www.autenticabelles.com\/fr\/experiences\/#breadcrumb"},"inLanguage":"fr-FR","potentialAction":[{"@type":"ReadAction","target":["https:\/\/www.autenticabelles.com\/fr\/experiences\/"]}]},{"@type":"BreadcrumbList","@id":"https:\/\/www.autenticabelles.com\/fr\/experiences\/#breadcrumb","itemListElement":[{"@type":"ListItem","position":1,"name":"Inici","item":"https:\/\/www.autenticabelles.com\/fr\/"},{"@type":"ListItem","position":2,"name":"Exp\u00e9riences"}]},{"@type":"WebSite","@id":"https:\/\/www.autenticabelles.com\/fr\/#website","url":"https:\/\/www.autenticabelles.com\/fr\/","name":"Aut\u00e8ntic Abelles","description":"Experi\u00e8ncies d&#039;apiter\u00e0pia, Apicultor i Productor de Mel a Andorra","publisher":{"@id":"https:\/\/www.autenticabelles.com\/fr\/#organization"},"potentialAction":[{"@type":"SearchAction","target":{"@type":"EntryPoint","urlTemplate":"https:\/\/www.autenticabelles.com\/fr\/?s={search_term_string}"},"query-input":{"@type":"PropertyValueSpecification","valueRequired":true,"valueName":"search_term_string"}}],"inLanguage":"fr-FR"},{"@type":"Organization","@id":"https:\/\/www.autenticabelles.com\/fr\/#organization","name":"Aut\u00e8ntic Abelles Experi\u00e8ncies","url":"https:\/\/www.autenticabelles.com\/fr\/","logo":{"@type":"ImageObject","inLanguage":"fr-FR","@id":"https:\/\/www.autenticabelles.com\/fr\/#\/schema\/logo\/image\/","url":"https:\/\/www.autenticabelles.com\/wp-content\/uploads\/2026\/01\/logo_autentic.png","contentUrl":"https:\/\/www.autenticabelles.com\/wp-content\/uploads\/2026\/01\/logo_autentic.png","width":1559,"height":693,"caption":"Aut\u00e8ntic Abelles Experi\u00e8ncies"},"image":{"@id":"https:\/\/www.autenticabelles.com\/fr\/#\/schema\/logo\/image\/"},"sameAs":["https:\/\/www.facebook.com\/apicultorandorra","https:\/\/www.instagram.com\/autentic_abelles","https:\/\/www.youtube.com\/watch?v=2RfDH1qWW_o"]}]}},"_links":{"self":[{"href":"https:\/\/www.autenticabelles.com\/fr\/wp-json\/wp\/v2\/pages\/10415","targetHints":{"allow":["GET"]}}],"collection":[{"href":"https:\/\/www.autenticabelles.com\/fr\/wp-json\/wp\/v2\/pages"}],"about":[{"href":"https:\/\/www.autenticabelles.com\/fr\/wp-json\/wp\/v2\/types\/page"}],"author":[{"embeddable":true,"href":"https:\/\/www.autenticabelles.com\/fr\/wp-json\/wp\/v2\/users\/1"}],"replies":[{"embeddable":true,"href":"https:\/\/www.autenticabelles.com\/fr\/wp-json\/wp\/v2\/comments?post=10415"}],"version-history":[{"count":1,"href":"https:\/\/www.autenticabelles.com\/fr\/wp-json\/wp\/v2\/pages\/10415\/revisions"}],"predecessor-version":[{"id":10417,"href":"https:\/\/www.autenticabelles.com\/fr\/wp-json\/wp\/v2\/pages\/10415\/revisions\/10417"}],"wp:attachment":[{"href":"https:\/\/www.autenticabelles.com\/fr\/wp-json\/wp\/v2\/media?parent=10415"}],"curies":[{"name":"wp","href":"https:\/\/api.w.org\/{rel}","templated":true}]}}