{"id":10424,"date":"2026-01-29T11:00:07","date_gmt":"2026-01-29T09:00:07","guid":{"rendered":"https:\/\/www.autenticabelles.com\/normes\/"},"modified":"2026-03-31T16:48:45","modified_gmt":"2026-03-31T14:48:45","slug":"normes","status":"publish","type":"page","link":"https:\/\/www.autenticabelles.com\/fr\/normes\/","title":{"rendered":"Normes"},"content":{"rendered":"\t\t<div data-elementor-type=\"wp-page\" data-elementor-id=\"10424\" class=\"elementor elementor-10424 elementor-8339\" data-elementor-post-type=\"page\">\n\t\t\t\t<div class=\"elementor-element elementor-element-4313f20 e-flex e-con-boxed e-con e-parent\" data-id=\"4313f20\" data-element_type=\"container\">\n\t\t\t\t\t<div class=\"e-con-inner\">\n\t\t\t\t<div class=\"elementor-element elementor-element-09b25a5 elementor-widget elementor-widget-spacer\" data-id=\"09b25a5\" data-element_type=\"widget\" data-widget_type=\"spacer.default\">\n\t\t\t\t\t\t\t<div class=\"elementor-spacer\">\n\t\t\t<div class=\"elementor-spacer-inner\"><\/div>\n\t\t<\/div>\n\t\t\t\t\t\t<\/div>\n\t\t\n\n\t\t<div class=\"elementor-element elementor-element-bbc9a42 subtitle-position-above elementor-align-center elementor-widget elementor-widget-beezi-heading\" data-id=\"bbc9a42\" data-element_type=\"widget\" data-widget_type=\"beezi-heading.default\">\n\t\t\t\t<div class=\"elementor-widget-container\">\n\t\t\t\t\t<div class=\"elementor-heading-wrapper-inner\"><h1 class=\"elementor-heading-title elementor-size-default\">Normes de s\u00e9curit\u00e9<\/h1><\/div>\t\t\t\t<\/div>\n\t\t\t\t<\/div>\n\t\t\t\t\t<\/div>\n\t\t\t\t<\/div>\n\t\t<div class=\"elementor-element elementor-element-2dfbf68 e-flex e-con-boxed e-con e-parent\" data-id=\"2dfbf68\" data-element_type=\"container\">\n\t\t\t\t\t<div class=\"e-con-inner\">\n\t\t\t\t<div class=\"elementor-element elementor-element-4d18140 elementor-widget elementor-widget-text-editor\" data-id=\"4d18140\" data-element_type=\"widget\" data-widget_type=\"text-editor.default\">\n\t\t\t\t\t\t\t\t\t<p><strong data-start=\"14\" data-end=\"50\">dans l\u2019abri \u00ab Al cor de l\u2019ARNA \u00bb<\/strong><\/p>\t\t\t\t\t\t\t\t<\/div>\n\t\t\t\t<div class=\"elementor-element elementor-element-7179ed4 elementor-widget elementor-widget-text-editor\" data-id=\"7179ed4\" data-element_type=\"widget\" data-widget_type=\"text-editor.default\">\n\t\t\t\t\t\t\t\t\t<p data-start=\"0\" data-end=\"77\"><strong>L\u2019abri est un espace de passage ainsi que d\u2019entr\u00e9e et de sortie des abeilles.<\/strong><\/p><p data-start=\"79\" data-end=\"148\"><strong>Pour garantir votre s\u00e9curit\u00e9 et pr\u00e9server le bien-\u00eatre des abeilles :<\/strong><\/p><ul><li data-start=\"150\" data-end=\"263\"><strong>Vous entrerez par le c\u00f4t\u00e9 o\u00f9 il n\u2019y a PAS de ruches ; les abeilles se trouvent du c\u00f4t\u00e9 des fen\u00eatres panoramiques.<\/strong><\/li><li data-start=\"265\" data-end=\"333\"><strong>La porte d\u2019entr\u00e9e doit toujours rester ferm\u00e9e, c\u2019est tr\u00e8s important.<\/strong><\/li><li data-start=\"335\" data-end=\"447\"><strong>Il n\u2019est pas permis de circuler dans la zone d\u2019entr\u00e9e ni autour de l\u2019abri, afin de r\u00e9duire le risque de piq\u00fbres.<\/strong><\/li><li data-start=\"449\" data-end=\"542\"><strong>Respectez toujours les barri\u00e8res et n\u2019essayez pas d\u2019observer les abeilles depuis l\u2019ext\u00e9rieur.<\/strong><\/li><li data-start=\"544\" data-end=\"645\"><strong>Pendant les p\u00e9riodes de forte activit\u00e9 des abeilles, ces r\u00e8gles seront appliqu\u00e9es de mani\u00e8re stricte.<\/strong><\/li><\/ul><p data-start=\"647\" data-end=\"757\" data-is-last-node=\"\" data-is-only-node=\"\"><strong>Ces consignes garantissent une exp\u00e9rience s\u00fbre et respectueuse, tant pour les abeilles que pour les personnes.<\/strong><\/p>\t\t\t\t\t\t\t\t<\/div>\n\t\t\t\t<div class=\"elementor-element elementor-element-86d80ec elementor-widget elementor-widget-spacer\" data-id=\"86d80ec\" data-element_type=\"widget\" data-widget_type=\"spacer.default\">\n\t\t\t\t\t\t\t<div class=\"elementor-spacer\">\n\t\t\t<div class=\"elementor-spacer-inner\"><\/div>\n\t\t<\/div>\n\t\t\t\t\t\t<\/div>\n\t\t\t\t\t<\/div>\n\t\t\t\t<\/div>\n\t\t\t\t<\/div>\n\t\t","protected":false},"excerpt":{"rendered":"<p>Normes de s\u00e9curit\u00e9 dans l\u2019abri \u00ab Al cor de l\u2019ARNA \u00bb L\u2019abri est un espace de passage ainsi que d\u2019entr\u00e9e et de sortie des abeilles. Pour garantir votre s\u00e9curit\u00e9 et pr\u00e9server le bien-\u00eatre des abeilles : Vous entrerez par le c\u00f4t\u00e9 o\u00f9 il n\u2019y a PAS de ruches ; les abeilles se trouvent du c\u00f4t\u00e9 [&hellip;]<\/p>\n","protected":false},"author":1,"featured_media":0,"parent":0,"menu_order":0,"comment_status":"closed","ping_status":"closed","template":"elementor_header_footer","meta":{"footnotes":""},"class_list":["post-10424","page","type-page","status-publish","hentry"],"yoast_head":"<!-- This site is optimized with the Yoast SEO plugin v27.3 - https:\/\/yoast.com\/product\/yoast-seo-wordpress\/ -->\n<title>Normes - Aut\u00e8ntic Abelles<\/title>\n<meta name=\"robots\" content=\"index, follow, max-snippet:-1, max-image-preview:large, max-video-preview:-1\" \/>\n<link rel=\"canonical\" href=\"https:\/\/www.autenticabelles.com\/fr\/normes\/\" \/>\n<meta property=\"og:locale\" content=\"fr_FR\" \/>\n<meta property=\"og:type\" content=\"article\" \/>\n<meta property=\"og:title\" content=\"Normes - Aut\u00e8ntic Abelles\" \/>\n<meta property=\"og:description\" content=\"Normes de s\u00e9curit\u00e9 dans l\u2019abri \u00ab Al cor de l\u2019ARNA \u00bb L\u2019abri est un espace de passage ainsi que d\u2019entr\u00e9e et de sortie des abeilles. Pour garantir votre s\u00e9curit\u00e9 et pr\u00e9server le bien-\u00eatre des abeilles : Vous entrerez par le c\u00f4t\u00e9 o\u00f9 il n\u2019y a PAS de ruches ; les abeilles se trouvent du c\u00f4t\u00e9 [&hellip;]\" \/>\n<meta property=\"og:url\" content=\"https:\/\/www.autenticabelles.com\/fr\/normes\/\" \/>\n<meta property=\"og:site_name\" content=\"Aut\u00e8ntic Abelles\" \/>\n<meta property=\"article:publisher\" content=\"https:\/\/www.facebook.com\/apicultorandorra\" \/>\n<meta property=\"article:modified_time\" content=\"2026-03-31T14:48:45+00:00\" \/>\n<meta name=\"twitter:card\" content=\"summary_large_image\" \/>\n<meta name=\"twitter:label1\" content=\"Dur\u00e9e de lecture estim\u00e9e\" \/>\n\t<meta name=\"twitter:data1\" content=\"1 minute\" \/>\n<script type=\"application\/ld+json\" class=\"yoast-schema-graph\">{\"@context\":\"https:\\\/\\\/schema.org\",\"@graph\":[{\"@type\":\"WebPage\",\"@id\":\"https:\\\/\\\/www.autenticabelles.com\\\/fr\\\/normes\\\/\",\"url\":\"https:\\\/\\\/www.autenticabelles.com\\\/fr\\\/normes\\\/\",\"name\":\"Normes - Aut\u00e8ntic Abelles\",\"isPartOf\":{\"@id\":\"https:\\\/\\\/www.autenticabelles.com\\\/fr\\\/#website\"},\"datePublished\":\"2026-01-29T09:00:07+00:00\",\"dateModified\":\"2026-03-31T14:48:45+00:00\",\"breadcrumb\":{\"@id\":\"https:\\\/\\\/www.autenticabelles.com\\\/fr\\\/normes\\\/#breadcrumb\"},\"inLanguage\":\"fr-FR\",\"potentialAction\":[{\"@type\":\"ReadAction\",\"target\":[\"https:\\\/\\\/www.autenticabelles.com\\\/fr\\\/normes\\\/\"]}]},{\"@type\":\"BreadcrumbList\",\"@id\":\"https:\\\/\\\/www.autenticabelles.com\\\/fr\\\/normes\\\/#breadcrumb\",\"itemListElement\":[{\"@type\":\"ListItem\",\"position\":1,\"name\":\"Inici\",\"item\":\"https:\\\/\\\/www.autenticabelles.com\\\/fr\\\/\"},{\"@type\":\"ListItem\",\"position\":2,\"name\":\"Normes\"}]},{\"@type\":\"WebSite\",\"@id\":\"https:\\\/\\\/www.autenticabelles.com\\\/fr\\\/#website\",\"url\":\"https:\\\/\\\/www.autenticabelles.com\\\/fr\\\/\",\"name\":\"Aut\u00e8ntic Abelles\",\"description\":\"Experi\u00e8ncies d&#039;apiter\u00e0pia, Apicultor i Productor de Mel a Andorra\",\"publisher\":{\"@id\":\"https:\\\/\\\/www.autenticabelles.com\\\/fr\\\/#organization\"},\"potentialAction\":[{\"@type\":\"SearchAction\",\"target\":{\"@type\":\"EntryPoint\",\"urlTemplate\":\"https:\\\/\\\/www.autenticabelles.com\\\/fr\\\/?s={search_term_string}\"},\"query-input\":{\"@type\":\"PropertyValueSpecification\",\"valueRequired\":true,\"valueName\":\"search_term_string\"}}],\"inLanguage\":\"fr-FR\"},{\"@type\":\"Organization\",\"@id\":\"https:\\\/\\\/www.autenticabelles.com\\\/fr\\\/#organization\",\"name\":\"Aut\u00e8ntic Abelles Experi\u00e8ncies\",\"url\":\"https:\\\/\\\/www.autenticabelles.com\\\/fr\\\/\",\"logo\":{\"@type\":\"ImageObject\",\"inLanguage\":\"fr-FR\",\"@id\":\"https:\\\/\\\/www.autenticabelles.com\\\/fr\\\/#\\\/schema\\\/logo\\\/image\\\/\",\"url\":\"https:\\\/\\\/www.autenticabelles.com\\\/wp-content\\\/uploads\\\/2026\\\/01\\\/logo_autentic.png\",\"contentUrl\":\"https:\\\/\\\/www.autenticabelles.com\\\/wp-content\\\/uploads\\\/2026\\\/01\\\/logo_autentic.png\",\"width\":1559,\"height\":693,\"caption\":\"Aut\u00e8ntic Abelles Experi\u00e8ncies\"},\"image\":{\"@id\":\"https:\\\/\\\/www.autenticabelles.com\\\/fr\\\/#\\\/schema\\\/logo\\\/image\\\/\"},\"sameAs\":[\"https:\\\/\\\/www.facebook.com\\\/apicultorandorra\",\"https:\\\/\\\/www.instagram.com\\\/autentic_abelles\",\"https:\\\/\\\/www.youtube.com\\\/watch?v=2RfDH1qWW_o\"]}]}<\/script>\n<!-- \/ Yoast SEO plugin. -->","yoast_head_json":{"title":"Normes - Aut\u00e8ntic Abelles","robots":{"index":"index","follow":"follow","max-snippet":"max-snippet:-1","max-image-preview":"max-image-preview:large","max-video-preview":"max-video-preview:-1"},"canonical":"https:\/\/www.autenticabelles.com\/fr\/normes\/","og_locale":"fr_FR","og_type":"article","og_title":"Normes - Aut\u00e8ntic Abelles","og_description":"Normes de s\u00e9curit\u00e9 dans l\u2019abri \u00ab Al cor de l\u2019ARNA \u00bb L\u2019abri est un espace de passage ainsi que d\u2019entr\u00e9e et de sortie des abeilles. Pour garantir votre s\u00e9curit\u00e9 et pr\u00e9server le bien-\u00eatre des abeilles : Vous entrerez par le c\u00f4t\u00e9 o\u00f9 il n\u2019y a PAS de ruches ; les abeilles se trouvent du c\u00f4t\u00e9 [&hellip;]","og_url":"https:\/\/www.autenticabelles.com\/fr\/normes\/","og_site_name":"Aut\u00e8ntic Abelles","article_publisher":"https:\/\/www.facebook.com\/apicultorandorra","article_modified_time":"2026-03-31T14:48:45+00:00","twitter_card":"summary_large_image","twitter_misc":{"Dur\u00e9e de lecture estim\u00e9e":"1 minute"},"schema":{"@context":"https:\/\/schema.org","@graph":[{"@type":"WebPage","@id":"https:\/\/www.autenticabelles.com\/fr\/normes\/","url":"https:\/\/www.autenticabelles.com\/fr\/normes\/","name":"Normes - Aut\u00e8ntic Abelles","isPartOf":{"@id":"https:\/\/www.autenticabelles.com\/fr\/#website"},"datePublished":"2026-01-29T09:00:07+00:00","dateModified":"2026-03-31T14:48:45+00:00","breadcrumb":{"@id":"https:\/\/www.autenticabelles.com\/fr\/normes\/#breadcrumb"},"inLanguage":"fr-FR","potentialAction":[{"@type":"ReadAction","target":["https:\/\/www.autenticabelles.com\/fr\/normes\/"]}]},{"@type":"BreadcrumbList","@id":"https:\/\/www.autenticabelles.com\/fr\/normes\/#breadcrumb","itemListElement":[{"@type":"ListItem","position":1,"name":"Inici","item":"https:\/\/www.autenticabelles.com\/fr\/"},{"@type":"ListItem","position":2,"name":"Normes"}]},{"@type":"WebSite","@id":"https:\/\/www.autenticabelles.com\/fr\/#website","url":"https:\/\/www.autenticabelles.com\/fr\/","name":"Aut\u00e8ntic Abelles","description":"Experi\u00e8ncies d&#039;apiter\u00e0pia, Apicultor i Productor de Mel a Andorra","publisher":{"@id":"https:\/\/www.autenticabelles.com\/fr\/#organization"},"potentialAction":[{"@type":"SearchAction","target":{"@type":"EntryPoint","urlTemplate":"https:\/\/www.autenticabelles.com\/fr\/?s={search_term_string}"},"query-input":{"@type":"PropertyValueSpecification","valueRequired":true,"valueName":"search_term_string"}}],"inLanguage":"fr-FR"},{"@type":"Organization","@id":"https:\/\/www.autenticabelles.com\/fr\/#organization","name":"Aut\u00e8ntic Abelles Experi\u00e8ncies","url":"https:\/\/www.autenticabelles.com\/fr\/","logo":{"@type":"ImageObject","inLanguage":"fr-FR","@id":"https:\/\/www.autenticabelles.com\/fr\/#\/schema\/logo\/image\/","url":"https:\/\/www.autenticabelles.com\/wp-content\/uploads\/2026\/01\/logo_autentic.png","contentUrl":"https:\/\/www.autenticabelles.com\/wp-content\/uploads\/2026\/01\/logo_autentic.png","width":1559,"height":693,"caption":"Aut\u00e8ntic Abelles Experi\u00e8ncies"},"image":{"@id":"https:\/\/www.autenticabelles.com\/fr\/#\/schema\/logo\/image\/"},"sameAs":["https:\/\/www.facebook.com\/apicultorandorra","https:\/\/www.instagram.com\/autentic_abelles","https:\/\/www.youtube.com\/watch?v=2RfDH1qWW_o"]}]}},"_links":{"self":[{"href":"https:\/\/www.autenticabelles.com\/fr\/wp-json\/wp\/v2\/pages\/10424","targetHints":{"allow":["GET"]}}],"collection":[{"href":"https:\/\/www.autenticabelles.com\/fr\/wp-json\/wp\/v2\/pages"}],"about":[{"href":"https:\/\/www.autenticabelles.com\/fr\/wp-json\/wp\/v2\/types\/page"}],"author":[{"embeddable":true,"href":"https:\/\/www.autenticabelles.com\/fr\/wp-json\/wp\/v2\/users\/1"}],"replies":[{"embeddable":true,"href":"https:\/\/www.autenticabelles.com\/fr\/wp-json\/wp\/v2\/comments?post=10424"}],"version-history":[{"count":3,"href":"https:\/\/www.autenticabelles.com\/fr\/wp-json\/wp\/v2\/pages\/10424\/revisions"}],"predecessor-version":[{"id":10557,"href":"https:\/\/www.autenticabelles.com\/fr\/wp-json\/wp\/v2\/pages\/10424\/revisions\/10557"}],"wp:attachment":[{"href":"https:\/\/www.autenticabelles.com\/fr\/wp-json\/wp\/v2\/media?parent=10424"}],"curies":[{"name":"wp","href":"https:\/\/api.w.org\/{rel}","templated":true}]}}