{"id":10428,"date":"2026-03-24T14:40:42","date_gmt":"2026-03-24T12:40:42","guid":{"rendered":"https:\/\/www.autenticabelles.com\/politica-de-privacitat\/"},"modified":"2026-03-31T19:17:30","modified_gmt":"2026-03-31T17:17:30","slug":"politique-confidentialite","status":"publish","type":"page","link":"https:\/\/www.autenticabelles.com\/fr\/politique-confidentialite\/","title":{"rendered":"Politique de confidentialit\u00e9"},"content":{"rendered":"\t\t<div data-elementor-type=\"wp-page\" data-elementor-id=\"10428\" class=\"elementor elementor-10428 elementor-9532\" data-elementor-post-type=\"page\">\n\t\t\t\t<div class=\"elementor-element elementor-element-08e4fdf e-flex e-con-boxed e-con e-parent\" data-id=\"08e4fdf\" data-element_type=\"container\">\n\t\t\t\t\t<div class=\"e-con-inner\">\n\t\t\t\t<div class=\"elementor-element elementor-element-329895d elementor-widget elementor-widget-heading\" data-id=\"329895d\" data-element_type=\"widget\" data-widget_type=\"heading.default\">\n\t\t\t\t\t<h2 class=\"elementor-heading-title elementor-size-default\">Pol\u00edtica de PRIVACITAT<\/h2>\t\t\t\t<\/div>\n\t\t\t\t\t<\/div>\n\t\t\t\t<\/div>\n\t\t<div class=\"elementor-element elementor-element-2fc7b78 e-flex e-con-boxed e-con e-parent\" data-id=\"2fc7b78\" data-element_type=\"container\">\n\t\t\t\t\t<div class=\"e-con-inner\">\n\t\t\t\t<div class=\"elementor-element elementor-element-d416997 elementor-widget elementor-widget-heading\" data-id=\"d416997\" data-element_type=\"widget\" data-widget_type=\"heading.default\">\n\t\t\t\t\t<h3 class=\"elementor-heading-title elementor-size-default\">1. INFORMACI\u00d3 PER A L\u2019USUARI<\/h3>\t\t\t\t<\/div>\n\t\t\n\n\t\t<div class=\"elementor-element elementor-element-5f6b07e elementor-widget elementor-widget-text-editor\" data-id=\"5f6b07e\" data-element_type=\"widget\" data-widget_type=\"text-editor.default\">\n\t\t\t\t\t\t\t\t\t<p><strong><span style=\"color: #0000ff;\">Qui \u00e9s el responsable del tractament de les teves dades personals?<\/span><\/strong><\/p><p><strong>CAL FONTANA SL<\/strong> \u00e9s el RESPONSABLE del tractament de les dades personals de l\u2019USUARI i l\u2019informa que aquestes dades es tractaran de conformitat amb el que disposa la Llei 29\/2021, del 28 d\u2019octubre (LQPD) i els reglaments que la desenvolupen.<\/p><p><strong><span style=\"color: #0000ff;\">Perqu\u00e8 tractem les teves dades personals?<\/span><\/strong><\/p><p>Per mantenir una relaci\u00f3 comercial amb l\u2019usuari. Les operacions previstes per fer el tractament s\u00f3n:<\/p><ul><li>Remesa de comunicacions comercials publicit\u00e0ries per e-mail, fax, SMS, MMS, xarxes socials o qualsevol altre mitj\u00e0 electr\u00f2nic o f\u00edsic, present o futur, que permeti efectuar comunicacions comercials. Aquestes comunicacions s\u2019han de fer per mitj\u00e0 del RESPONSABLE i estan relacionades amb els seus productes i serveis, o amb els seus col\u00b7laboradors o prove\u00efdors, amb els quals hagi arribat a algun acord de promoci\u00f3. En aquest cas, els tercers no tindran mai acc\u00e9s a les dades personals.<\/li><li>Efectuar estudis de mercat i an\u00e0lisis estad\u00edstiques.<\/li><li>Tramitar enc\u00e0rrecs de peticions, donar resposta a les consultes o qualsevol tipus de petici\u00f3 que faci l\u2019USUARI a trav\u00e9s de qualsevol de les formes de contacte que es posen a la seva disposici\u00f3 a la p\u00e0gina web del RESPONSABLE.<\/li><li>Enviar el butllet\u00ed informatiu online, sobre novetats, ofertes i promocions en la nostra activitat.<\/li><\/ul><p>\u00a0<\/p><p><span style=\"color: #0000ff;\"><strong>Per quin motiu podem tractar les teves dades personals?<\/strong><\/span><\/p><p>Perqu\u00e8 el tractament est\u00e0 legitimat per l\u2019article 6 de la LQPD de la seg\u00fcent manera:<\/p><ul><li>Amb el consentiment de l\u2019USUARI: enviament de comunicacions comercials i del butllet\u00ed informatiu.<\/li><li>Per inter\u00e8s leg\u00edtim del RESPONSABLE: efectuar estudis de mercat, an\u00e0lisis estad\u00edstiques, etc. i tramitar enc\u00e0rrecs, sol\u00b7licituds, etc. a petici\u00f3 de l\u2019USUARI.<\/li><\/ul><p>\u00a0<\/p><p><span style=\"color: #0000ff;\"><strong>Durant quant de temps guardarem les teves dades personals?<\/strong><\/span><\/p><p>Es conservaran durant no m\u00e9s temps del necessari per mantenir la finalitat del tractament o mentre hi hagi prescripcions legals que en dictaminin la cust\u00f2dia i quan ja no sigui necessari per a aix\u00f2, se suprimiran amb mesures de seguretat adequades per garantir l\u2019anonimitzaci\u00f3 de les dades o la seva destrucci\u00f3 total.<\/p><p>\u00a0<\/p><p><span style=\"color: #0000ff;\"><strong>A qui facilitem les teves dades personals?<\/strong><\/span><\/p><p>No est\u00e0 prevista cap comunicaci\u00f3 de dades personals a tercers excepte, si fos necessari per al desenvolupament i execuci\u00f3 de les finalitats del tractament, als nostres prove\u00efdors de serveis relacionats amb comunicacions, amb els quals el RESPONSABLE ha formalitzat els contractes de confidencialitat i d\u2019encarregat de tractament exigits per la normativa vigent de privacitat.<\/p><p>\u00a0<\/p><p><span style=\"color: #0000ff;\"><strong>Quins s\u00f3n els teus drets?<\/strong><\/span><\/p><p>Els drets que t\u00e9 l\u2019USUARI s\u00f3n:<\/p><ul><li>Dret a retirar el consentiment en qualsevol moment.<\/li><li>Dret d\u2019acc\u00e9s, rectificaci\u00f3, portabilitat i supressi\u00f3 de les seves dades i de limitaci\u00f3 o oposici\u00f3 al seu tractament.<\/li><li>Dret a presentar una reclamaci\u00f3 davant l\u2019autoritat de control (www.apda.ad) si considera que el tractament no<br \/>s\u2019ajusta a la normativa vigent.<\/li><\/ul><p><strong>Dades de contacte per exercir els seus drets:<\/strong><\/p><p>CAL FONTANA SL. HJF3+CG, &#8211; AD100 El Vilar (Canillo). E-mail: autenticabelles@gmail.com<\/p>\t\t\t\t\t\t\t\t<\/div>\n\t\t\t\t\t<\/div>\n\t\t\t\t<\/div>\n\t\t<div class=\"elementor-element elementor-element-3a7b89e e-flex e-con-boxed e-con e-parent\" data-id=\"3a7b89e\" data-element_type=\"container\">\n\t\t\t\t\t<div class=\"e-con-inner\">\n\t\t\t\t<div class=\"elementor-element elementor-element-356e5d7 elementor-widget elementor-widget-heading\" data-id=\"356e5d7\" data-element_type=\"widget\" data-widget_type=\"heading.default\">\n\t\t\t\t\t<h3 class=\"elementor-heading-title elementor-size-default\">2. CAR\u00c0CTER OBLIGATORI O FACULTATIU DE LA INFORMACI\u00d3 FACILITADA PER L\u2019USUARI<\/h3>\t\t\t\t<\/div>\n\t\t\t\t<div class=\"elementor-element elementor-element-9e6da14 elementor-widget elementor-widget-text-editor\" data-id=\"9e6da14\" data-element_type=\"widget\" data-widget_type=\"text-editor.default\">\n\t\t\t\t\t\t\t\t\t<p>Els USUARIS, per mitj\u00e0 de les caselles corresponents i la introducci\u00f3 de dades en els camps, marcats amb l\u2019asterisc (*)<br \/>en el formulari de contacte o presentats en formularis de desc\u00e0rrega, accepten expressament i de manera lliure i<br \/>inequ\u00edvoca, que les seves dades s\u00f3n necess\u00e0ries per a l\u2019atenci\u00f3 de la seva petici\u00f3, per part del prestador, i que per tant<br \/>la inclusi\u00f3 de les dades en els camps restants \u00e9s volunt\u00e0ria. L\u2019USUARI garanteix que les dades personals facilitades al<br \/>RESPONSABLE s\u00f3n ver\u00eddiques i es fa responsable de comunicar-ne qualsevol modificaci\u00f3.<br \/>El RESPONSABLE informa que totes les dades sol\u00b7licitades a trav\u00e9s del lloc web s\u00f3n obligat\u00f2ries, ja que s\u00f3n<br \/>necess\u00e0ries per a la prestaci\u00f3 d\u2019un servei \u00f2ptim a l\u2019USUARI. En cas que no es facilitin totes les dades, no es garanteix<br \/>que la informaci\u00f3 i serveis facilitats s\u2019ajustin completament a les seves necessitats.<\/p>\t\t\t\t\t\t\t\t<\/div>\n\t\t\t\t\t<\/div>\n\t\t\t\t<\/div>\n\t\t<div class=\"elementor-element elementor-element-d5e07b5 e-flex e-con-boxed e-con e-parent\" data-id=\"d5e07b5\" data-element_type=\"container\">\n\t\t\t\t\t<div class=\"e-con-inner\">\n\t\t\t\t<div class=\"elementor-element elementor-element-9edd8ed elementor-widget elementor-widget-heading\" data-id=\"9edd8ed\" data-element_type=\"widget\" data-widget_type=\"heading.default\">\n\t\t\t\t\t<h3 class=\"elementor-heading-title elementor-size-default\">3. MESURES DE SEGURETAT<\/h3>\t\t\t\t<\/div>\n\t\t\t\t<div class=\"elementor-element elementor-element-256ca9c elementor-widget elementor-widget-text-editor\" data-id=\"256ca9c\" data-element_type=\"widget\" data-widget_type=\"text-editor.default\">\n\t\t\t\t\t\t\t\t\t<p>Que, de conformitat amb el que estableixen les normatives vigents en protecci\u00f3 de dades personals, el RESPONSABLE est\u00e0 complint amb totes les disposicions de les normatives LQPD per al tractament de les dades personals de la seva responsabilitat, i manifestament amb els principis descrits a l\u2019article 5 de la LQPD, pels quals es tracten de manera l\u00edcita, lleial i transparent en relaci\u00f3 amb l\u2019interessat i adequades, pertinents i limitades al que \u00e9s necessari en relaci\u00f3 amb les finalitats per a les quals es tracten.<br \/>El RESPONSABLE garanteix que ha implementat pol\u00edtiques t\u00e8cniques i organitzatives apropiades per aplicar les mesures de seguretat que estableixen la LQPD per tal de protegir els drets i llibertats dels USUARIS i els ha comunicat la informaci\u00f3 adequada perqu\u00e8 puguin exercir-los.<\/p><p>Per a m\u00e9s informaci\u00f3 sobre les garanties de privacitat, pots dirigir-te al RESPONSABLE a trav\u00e9s de CAL FONTANA SL.<br \/>HJF3+CG, &#8211; AD100 El Vilar (Canillo). E-mail: autenticabelles@gmail.com<\/p>\t\t\t\t\t\t\t\t<\/div>\n\t\t\t\t\t<\/div>\n\t\t\t\t<\/div>\n\t\t\t\t<\/div>\n\t\t","protected":false},"excerpt":{"rendered":"<p>Pol\u00edtica de PRIVACITAT 1. INFORMACI\u00d3 PER A L\u2019USUARI Qui \u00e9s el responsable del tractament de les teves dades personals? CAL FONTANA SL \u00e9s el RESPONSABLE del tractament de les dades personals de l\u2019USUARI i l\u2019informa que aquestes dades es tractaran de conformitat amb el que disposa la Llei 29\/2021, del 28 d\u2019octubre (LQPD) i els [&hellip;]<\/p>\n","protected":false},"author":2,"featured_media":0,"parent":0,"menu_order":0,"comment_status":"closed","ping_status":"closed","template":"elementor_header_footer","meta":{"footnotes":""},"class_list":["post-10428","page","type-page","status-publish","hentry"],"yoast_head":"<!-- This site is optimized with the Yoast SEO plugin v27.3 - https:\/\/yoast.com\/product\/yoast-seo-wordpress\/ -->\n<title>Politique de confidentialit\u00e9 - Aut\u00e8ntic Abelles<\/title>\n<meta name=\"robots\" content=\"index, follow, max-snippet:-1, max-image-preview:large, max-video-preview:-1\" \/>\n<link rel=\"canonical\" href=\"https:\/\/www.autenticabelles.com\/fr\/politique-confidentialite\/\" \/>\n<meta property=\"og:locale\" content=\"fr_FR\" \/>\n<meta property=\"og:type\" content=\"article\" \/>\n<meta property=\"og:title\" content=\"Politique de confidentialit\u00e9 - Aut\u00e8ntic Abelles\" \/>\n<meta property=\"og:description\" content=\"Pol\u00edtica de PRIVACITAT 1. INFORMACI\u00d3 PER A L\u2019USUARI Qui \u00e9s el responsable del tractament de les teves dades personals? CAL FONTANA SL \u00e9s el RESPONSABLE del tractament de les dades personals de l\u2019USUARI i l\u2019informa que aquestes dades es tractaran de conformitat amb el que disposa la Llei 29\/2021, del 28 d\u2019octubre (LQPD) i els [&hellip;]\" \/>\n<meta property=\"og:url\" content=\"https:\/\/www.autenticabelles.com\/fr\/politique-confidentialite\/\" \/>\n<meta property=\"og:site_name\" content=\"Aut\u00e8ntic Abelles\" \/>\n<meta property=\"article:publisher\" content=\"https:\/\/www.facebook.com\/apicultorandorra\" \/>\n<meta property=\"article:modified_time\" content=\"2026-03-31T17:17:30+00:00\" \/>\n<meta name=\"twitter:card\" content=\"summary_large_image\" \/>\n<meta name=\"twitter:label1\" content=\"Dur\u00e9e de lecture estim\u00e9e\" \/>\n\t<meta name=\"twitter:data1\" content=\"4 minutes\" \/>\n<script type=\"application\/ld+json\" class=\"yoast-schema-graph\">{\"@context\":\"https:\\\/\\\/schema.org\",\"@graph\":[{\"@type\":\"WebPage\",\"@id\":\"https:\\\/\\\/www.autenticabelles.com\\\/fr\\\/politique-confidentialite\\\/\",\"url\":\"https:\\\/\\\/www.autenticabelles.com\\\/fr\\\/politique-confidentialite\\\/\",\"name\":\"Politique de confidentialit\u00e9 - Aut\u00e8ntic Abelles\",\"isPartOf\":{\"@id\":\"https:\\\/\\\/www.autenticabelles.com\\\/fr\\\/#website\"},\"datePublished\":\"2026-03-24T12:40:42+00:00\",\"dateModified\":\"2026-03-31T17:17:30+00:00\",\"breadcrumb\":{\"@id\":\"https:\\\/\\\/www.autenticabelles.com\\\/fr\\\/politique-confidentialite\\\/#breadcrumb\"},\"inLanguage\":\"fr-FR\",\"potentialAction\":[{\"@type\":\"ReadAction\",\"target\":[\"https:\\\/\\\/www.autenticabelles.com\\\/fr\\\/politique-confidentialite\\\/\"]}]},{\"@type\":\"BreadcrumbList\",\"@id\":\"https:\\\/\\\/www.autenticabelles.com\\\/fr\\\/politique-confidentialite\\\/#breadcrumb\",\"itemListElement\":[{\"@type\":\"ListItem\",\"position\":1,\"name\":\"Inici\",\"item\":\"https:\\\/\\\/www.autenticabelles.com\\\/fr\\\/\"},{\"@type\":\"ListItem\",\"position\":2,\"name\":\"Politique de confidentialit\u00e9\"}]},{\"@type\":\"WebSite\",\"@id\":\"https:\\\/\\\/www.autenticabelles.com\\\/fr\\\/#website\",\"url\":\"https:\\\/\\\/www.autenticabelles.com\\\/fr\\\/\",\"name\":\"Aut\u00e8ntic Abelles\",\"description\":\"Experi\u00e8ncies d&#039;apiter\u00e0pia, Apicultor i Productor de Mel a Andorra\",\"publisher\":{\"@id\":\"https:\\\/\\\/www.autenticabelles.com\\\/fr\\\/#organization\"},\"potentialAction\":[{\"@type\":\"SearchAction\",\"target\":{\"@type\":\"EntryPoint\",\"urlTemplate\":\"https:\\\/\\\/www.autenticabelles.com\\\/fr\\\/?s={search_term_string}\"},\"query-input\":{\"@type\":\"PropertyValueSpecification\",\"valueRequired\":true,\"valueName\":\"search_term_string\"}}],\"inLanguage\":\"fr-FR\"},{\"@type\":\"Organization\",\"@id\":\"https:\\\/\\\/www.autenticabelles.com\\\/fr\\\/#organization\",\"name\":\"Aut\u00e8ntic Abelles Experi\u00e8ncies\",\"url\":\"https:\\\/\\\/www.autenticabelles.com\\\/fr\\\/\",\"logo\":{\"@type\":\"ImageObject\",\"inLanguage\":\"fr-FR\",\"@id\":\"https:\\\/\\\/www.autenticabelles.com\\\/fr\\\/#\\\/schema\\\/logo\\\/image\\\/\",\"url\":\"https:\\\/\\\/www.autenticabelles.com\\\/wp-content\\\/uploads\\\/2026\\\/01\\\/logo_autentic.png\",\"contentUrl\":\"https:\\\/\\\/www.autenticabelles.com\\\/wp-content\\\/uploads\\\/2026\\\/01\\\/logo_autentic.png\",\"width\":1559,\"height\":693,\"caption\":\"Aut\u00e8ntic Abelles Experi\u00e8ncies\"},\"image\":{\"@id\":\"https:\\\/\\\/www.autenticabelles.com\\\/fr\\\/#\\\/schema\\\/logo\\\/image\\\/\"},\"sameAs\":[\"https:\\\/\\\/www.facebook.com\\\/apicultorandorra\",\"https:\\\/\\\/www.instagram.com\\\/autentic_abelles\",\"https:\\\/\\\/www.youtube.com\\\/watch?v=2RfDH1qWW_o\"]}]}<\/script>\n<!-- \/ Yoast SEO plugin. -->","yoast_head_json":{"title":"Politique de confidentialit\u00e9 - Aut\u00e8ntic Abelles","robots":{"index":"index","follow":"follow","max-snippet":"max-snippet:-1","max-image-preview":"max-image-preview:large","max-video-preview":"max-video-preview:-1"},"canonical":"https:\/\/www.autenticabelles.com\/fr\/politique-confidentialite\/","og_locale":"fr_FR","og_type":"article","og_title":"Politique de confidentialit\u00e9 - Aut\u00e8ntic Abelles","og_description":"Pol\u00edtica de PRIVACITAT 1. INFORMACI\u00d3 PER A L\u2019USUARI Qui \u00e9s el responsable del tractament de les teves dades personals? CAL FONTANA SL \u00e9s el RESPONSABLE del tractament de les dades personals de l\u2019USUARI i l\u2019informa que aquestes dades es tractaran de conformitat amb el que disposa la Llei 29\/2021, del 28 d\u2019octubre (LQPD) i els [&hellip;]","og_url":"https:\/\/www.autenticabelles.com\/fr\/politique-confidentialite\/","og_site_name":"Aut\u00e8ntic Abelles","article_publisher":"https:\/\/www.facebook.com\/apicultorandorra","article_modified_time":"2026-03-31T17:17:30+00:00","twitter_card":"summary_large_image","twitter_misc":{"Dur\u00e9e de lecture estim\u00e9e":"4 minutes"},"schema":{"@context":"https:\/\/schema.org","@graph":[{"@type":"WebPage","@id":"https:\/\/www.autenticabelles.com\/fr\/politique-confidentialite\/","url":"https:\/\/www.autenticabelles.com\/fr\/politique-confidentialite\/","name":"Politique de confidentialit\u00e9 - Aut\u00e8ntic Abelles","isPartOf":{"@id":"https:\/\/www.autenticabelles.com\/fr\/#website"},"datePublished":"2026-03-24T12:40:42+00:00","dateModified":"2026-03-31T17:17:30+00:00","breadcrumb":{"@id":"https:\/\/www.autenticabelles.com\/fr\/politique-confidentialite\/#breadcrumb"},"inLanguage":"fr-FR","potentialAction":[{"@type":"ReadAction","target":["https:\/\/www.autenticabelles.com\/fr\/politique-confidentialite\/"]}]},{"@type":"BreadcrumbList","@id":"https:\/\/www.autenticabelles.com\/fr\/politique-confidentialite\/#breadcrumb","itemListElement":[{"@type":"ListItem","position":1,"name":"Inici","item":"https:\/\/www.autenticabelles.com\/fr\/"},{"@type":"ListItem","position":2,"name":"Politique de confidentialit\u00e9"}]},{"@type":"WebSite","@id":"https:\/\/www.autenticabelles.com\/fr\/#website","url":"https:\/\/www.autenticabelles.com\/fr\/","name":"Aut\u00e8ntic Abelles","description":"Experi\u00e8ncies d&#039;apiter\u00e0pia, Apicultor i Productor de Mel a Andorra","publisher":{"@id":"https:\/\/www.autenticabelles.com\/fr\/#organization"},"potentialAction":[{"@type":"SearchAction","target":{"@type":"EntryPoint","urlTemplate":"https:\/\/www.autenticabelles.com\/fr\/?s={search_term_string}"},"query-input":{"@type":"PropertyValueSpecification","valueRequired":true,"valueName":"search_term_string"}}],"inLanguage":"fr-FR"},{"@type":"Organization","@id":"https:\/\/www.autenticabelles.com\/fr\/#organization","name":"Aut\u00e8ntic Abelles Experi\u00e8ncies","url":"https:\/\/www.autenticabelles.com\/fr\/","logo":{"@type":"ImageObject","inLanguage":"fr-FR","@id":"https:\/\/www.autenticabelles.com\/fr\/#\/schema\/logo\/image\/","url":"https:\/\/www.autenticabelles.com\/wp-content\/uploads\/2026\/01\/logo_autentic.png","contentUrl":"https:\/\/www.autenticabelles.com\/wp-content\/uploads\/2026\/01\/logo_autentic.png","width":1559,"height":693,"caption":"Aut\u00e8ntic Abelles Experi\u00e8ncies"},"image":{"@id":"https:\/\/www.autenticabelles.com\/fr\/#\/schema\/logo\/image\/"},"sameAs":["https:\/\/www.facebook.com\/apicultorandorra","https:\/\/www.instagram.com\/autentic_abelles","https:\/\/www.youtube.com\/watch?v=2RfDH1qWW_o"]}]}},"_links":{"self":[{"href":"https:\/\/www.autenticabelles.com\/fr\/wp-json\/wp\/v2\/pages\/10428","targetHints":{"allow":["GET"]}}],"collection":[{"href":"https:\/\/www.autenticabelles.com\/fr\/wp-json\/wp\/v2\/pages"}],"about":[{"href":"https:\/\/www.autenticabelles.com\/fr\/wp-json\/wp\/v2\/types\/page"}],"author":[{"embeddable":true,"href":"https:\/\/www.autenticabelles.com\/fr\/wp-json\/wp\/v2\/users\/2"}],"replies":[{"embeddable":true,"href":"https:\/\/www.autenticabelles.com\/fr\/wp-json\/wp\/v2\/comments?post=10428"}],"version-history":[{"count":1,"href":"https:\/\/www.autenticabelles.com\/fr\/wp-json\/wp\/v2\/pages\/10428\/revisions"}],"predecessor-version":[{"id":10608,"href":"https:\/\/www.autenticabelles.com\/fr\/wp-json\/wp\/v2\/pages\/10428\/revisions\/10608"}],"wp:attachment":[{"href":"https:\/\/www.autenticabelles.com\/fr\/wp-json\/wp\/v2\/media?parent=10428"}],"curies":[{"name":"wp","href":"https:\/\/api.w.org\/{rel}","templated":true}]}}