{"id":10429,"date":"2026-03-19T09:38:41","date_gmt":"2026-03-19T07:38:41","guid":{"rendered":"https:\/\/www.autenticabelles.com\/riscos\/"},"modified":"2026-03-31T17:43:50","modified_gmt":"2026-03-31T15:43:50","slug":"risques","status":"publish","type":"page","link":"https:\/\/www.autenticabelles.com\/fr\/risques\/","title":{"rendered":"Risques"},"content":{"rendered":"\t\t<div data-elementor-type=\"wp-page\" data-elementor-id=\"10429\" class=\"elementor elementor-10429 elementor-9242\" data-elementor-post-type=\"page\">\n\t\t\t\t<div class=\"elementor-element elementor-element-08e4fdf e-flex e-con-boxed e-con e-parent\" data-id=\"08e4fdf\" data-element_type=\"container\">\n\t\t\t\t\t<div class=\"e-con-inner\">\n\t\t\t\t<div class=\"elementor-element elementor-element-329895d elementor-widget elementor-widget-heading\" data-id=\"329895d\" data-element_type=\"widget\" data-widget_type=\"heading.default\">\n\t\t\t\t\t<h1 class=\"elementor-heading-title elementor-size-default\">Risques possibles lors de la visite d\u2019un rucher<\/h1>\t\t\t\t<\/div>\n\t\t\n\n\t\t<div class=\"elementor-element elementor-element-256ca9c elementor-widget elementor-widget-text-editor\" data-id=\"256ca9c\" data-element_type=\"widget\" data-widget_type=\"text-editor.default\">\n\t\t\t\t\t\t\t\t\t<p data-start=\"0\" data-end=\"195\">Nous souhaitons vous sensibiliser \u00e0 la visite de notre ruche, c\u2019est pourquoi nous aimerions attirer votre attention sur les points suivants :<\/p><p data-start=\"197\" data-end=\"418\">\u2013 Les abeilles sont certes des animaux \u00e9lev\u00e9s par l\u2019homme, mais elles restent impr\u00e9visibles ; nous ne pouvons donc pas emp\u00eacher qu\u2019une abeille pique quelqu\u2019un et que son venin p\u00e9n\u00e8tre automatiquement dans le corps humain.<\/p><p data-start=\"420\" data-end=\"754\">\u2013 Selon la constitution de chaque personne, sa vuln\u00e9rabilit\u00e9 physique et mentale, une piq\u00fbre d\u2019abeille peut provoquer de la douleur, des rougeurs, un gonflement plus ou moins durable, des vertiges, des probl\u00e8mes circulatoires, voire des malaises et des chocs allergiques. Dans les cas extr\u00eames, ces derniers peuvent entra\u00eener la mort.<\/p><p data-start=\"756\" data-end=\"849\">\u2013 Vous devez informer l\u2019apiculteur si vous savez que vous \u00eates allergique au venin d\u2019abeille.<\/p><p data-start=\"851\" data-end=\"1037\">Nous nous effor\u00e7ons de garantir un d\u00e9roulement s\u00fbr et sans danger pour tous. Pour cette raison, il est n\u00e9cessaire de suivre strictement et imm\u00e9diatement les instructions de l\u2019apiculteur.<\/p><p data-start=\"1039\" data-end=\"1305\" data-is-last-node=\"\" data-is-only-node=\"\">En connaissance des risques mentionn\u00e9s ci-dessus, je d\u00e9charge express\u00e9ment l\u2019apiculteur Mathieu Garaud de toute responsabilit\u00e9 en mon nom, ainsi qu\u2019au nom des membres de ma famille, de mes h\u00e9ritiers ou de tout tiers susceptible de d\u00e9poser une r\u00e9clamation en mon nom.<\/p>\t\t\t\t\t\t\t\t<\/div>\n\t\t\t\t<div class=\"elementor-element elementor-element-789d0da elementor-align-center elementor-button-default elementor-widget elementor-widget-button\" data-id=\"789d0da\" data-element_type=\"widget\" data-widget_type=\"button.default\">\n\t\t\t\t\t\t\t\t\t\t<a class=\"elementor-button elementor-button-link elementor-size-sm\" href=\"https:\/\/www.autenticabelles.com\/wp-content\/uploads\/2026\/03\/Descarrega-responsabilitat-visita-ruscos.pdf\">\n\t\t\t\t\t\t<span class=\"elementor-button-content-wrapper\">\n\t\t\t\t\t\t\t\t\t<span class=\"elementor-button-text\">T\u00e9l\u00e9charger document<\/span>\n\t\t\t\t\t<\/span>\n\t\t\t\t\t<\/a>\n\t\t\t\t\t\t\t\t<\/div>\n\t\t\t\t\t<\/div>\n\t\t\t\t<\/div>\n\t\t\t\t<\/div>\n\t\t","protected":false},"excerpt":{"rendered":"<p>Risques possibles lors de la visite d\u2019un rucher Nous souhaitons vous sensibiliser \u00e0 la visite de notre ruche, c\u2019est pourquoi nous aimerions attirer votre attention sur les points suivants : \u2013 Les abeilles sont certes des animaux \u00e9lev\u00e9s par l\u2019homme, mais elles restent impr\u00e9visibles ; nous ne pouvons donc pas emp\u00eacher qu\u2019une abeille pique quelqu\u2019un [&hellip;]<\/p>\n","protected":false},"author":1,"featured_media":0,"parent":0,"menu_order":0,"comment_status":"closed","ping_status":"closed","template":"elementor_header_footer","meta":{"footnotes":""},"class_list":["post-10429","page","type-page","status-publish","hentry"],"yoast_head":"<!-- This site is optimized with the Yoast SEO plugin v27.3 - https:\/\/yoast.com\/product\/yoast-seo-wordpress\/ -->\n<title>Risques - Aut\u00e8ntic Abelles<\/title>\n<meta name=\"robots\" content=\"index, follow, max-snippet:-1, max-image-preview:large, max-video-preview:-1\" \/>\n<link rel=\"canonical\" href=\"https:\/\/www.autenticabelles.com\/fr\/risques\/\" \/>\n<meta property=\"og:locale\" content=\"fr_FR\" \/>\n<meta property=\"og:type\" content=\"article\" \/>\n<meta property=\"og:title\" content=\"Risques - Aut\u00e8ntic Abelles\" \/>\n<meta property=\"og:description\" content=\"Risques possibles lors de la visite d\u2019un rucher Nous souhaitons vous sensibiliser \u00e0 la visite de notre ruche, c\u2019est pourquoi nous aimerions attirer votre attention sur les points suivants : \u2013 Les abeilles sont certes des animaux \u00e9lev\u00e9s par l\u2019homme, mais elles restent impr\u00e9visibles ; nous ne pouvons donc pas emp\u00eacher qu\u2019une abeille pique quelqu\u2019un [&hellip;]\" \/>\n<meta property=\"og:url\" content=\"https:\/\/www.autenticabelles.com\/fr\/risques\/\" \/>\n<meta property=\"og:site_name\" content=\"Aut\u00e8ntic Abelles\" \/>\n<meta property=\"article:publisher\" content=\"https:\/\/www.facebook.com\/apicultorandorra\" \/>\n<meta property=\"article:modified_time\" content=\"2026-03-31T15:43:50+00:00\" \/>\n<meta name=\"twitter:card\" content=\"summary_large_image\" \/>\n<meta name=\"twitter:label1\" content=\"Dur\u00e9e de lecture estim\u00e9e\" \/>\n\t<meta name=\"twitter:data1\" content=\"1 minute\" \/>\n<script type=\"application\/ld+json\" class=\"yoast-schema-graph\">{\"@context\":\"https:\\\/\\\/schema.org\",\"@graph\":[{\"@type\":\"WebPage\",\"@id\":\"https:\\\/\\\/www.autenticabelles.com\\\/fr\\\/risques\\\/\",\"url\":\"https:\\\/\\\/www.autenticabelles.com\\\/fr\\\/risques\\\/\",\"name\":\"Risques - Aut\u00e8ntic Abelles\",\"isPartOf\":{\"@id\":\"https:\\\/\\\/www.autenticabelles.com\\\/fr\\\/#website\"},\"datePublished\":\"2026-03-19T07:38:41+00:00\",\"dateModified\":\"2026-03-31T15:43:50+00:00\",\"breadcrumb\":{\"@id\":\"https:\\\/\\\/www.autenticabelles.com\\\/fr\\\/risques\\\/#breadcrumb\"},\"inLanguage\":\"fr-FR\",\"potentialAction\":[{\"@type\":\"ReadAction\",\"target\":[\"https:\\\/\\\/www.autenticabelles.com\\\/fr\\\/risques\\\/\"]}]},{\"@type\":\"BreadcrumbList\",\"@id\":\"https:\\\/\\\/www.autenticabelles.com\\\/fr\\\/risques\\\/#breadcrumb\",\"itemListElement\":[{\"@type\":\"ListItem\",\"position\":1,\"name\":\"Inici\",\"item\":\"https:\\\/\\\/www.autenticabelles.com\\\/fr\\\/\"},{\"@type\":\"ListItem\",\"position\":2,\"name\":\"Risques\"}]},{\"@type\":\"WebSite\",\"@id\":\"https:\\\/\\\/www.autenticabelles.com\\\/fr\\\/#website\",\"url\":\"https:\\\/\\\/www.autenticabelles.com\\\/fr\\\/\",\"name\":\"Aut\u00e8ntic Abelles\",\"description\":\"Experi\u00e8ncies d&#039;apiter\u00e0pia, Apicultor i Productor de Mel a Andorra\",\"publisher\":{\"@id\":\"https:\\\/\\\/www.autenticabelles.com\\\/fr\\\/#organization\"},\"potentialAction\":[{\"@type\":\"SearchAction\",\"target\":{\"@type\":\"EntryPoint\",\"urlTemplate\":\"https:\\\/\\\/www.autenticabelles.com\\\/fr\\\/?s={search_term_string}\"},\"query-input\":{\"@type\":\"PropertyValueSpecification\",\"valueRequired\":true,\"valueName\":\"search_term_string\"}}],\"inLanguage\":\"fr-FR\"},{\"@type\":\"Organization\",\"@id\":\"https:\\\/\\\/www.autenticabelles.com\\\/fr\\\/#organization\",\"name\":\"Aut\u00e8ntic Abelles Experi\u00e8ncies\",\"url\":\"https:\\\/\\\/www.autenticabelles.com\\\/fr\\\/\",\"logo\":{\"@type\":\"ImageObject\",\"inLanguage\":\"fr-FR\",\"@id\":\"https:\\\/\\\/www.autenticabelles.com\\\/fr\\\/#\\\/schema\\\/logo\\\/image\\\/\",\"url\":\"https:\\\/\\\/www.autenticabelles.com\\\/wp-content\\\/uploads\\\/2026\\\/01\\\/logo_autentic.png\",\"contentUrl\":\"https:\\\/\\\/www.autenticabelles.com\\\/wp-content\\\/uploads\\\/2026\\\/01\\\/logo_autentic.png\",\"width\":1559,\"height\":693,\"caption\":\"Aut\u00e8ntic Abelles Experi\u00e8ncies\"},\"image\":{\"@id\":\"https:\\\/\\\/www.autenticabelles.com\\\/fr\\\/#\\\/schema\\\/logo\\\/image\\\/\"},\"sameAs\":[\"https:\\\/\\\/www.facebook.com\\\/apicultorandorra\",\"https:\\\/\\\/www.instagram.com\\\/autentic_abelles\",\"https:\\\/\\\/www.youtube.com\\\/watch?v=2RfDH1qWW_o\"]}]}<\/script>\n<!-- \/ Yoast SEO plugin. -->","yoast_head_json":{"title":"Risques - Aut\u00e8ntic Abelles","robots":{"index":"index","follow":"follow","max-snippet":"max-snippet:-1","max-image-preview":"max-image-preview:large","max-video-preview":"max-video-preview:-1"},"canonical":"https:\/\/www.autenticabelles.com\/fr\/risques\/","og_locale":"fr_FR","og_type":"article","og_title":"Risques - Aut\u00e8ntic Abelles","og_description":"Risques possibles lors de la visite d\u2019un rucher Nous souhaitons vous sensibiliser \u00e0 la visite de notre ruche, c\u2019est pourquoi nous aimerions attirer votre attention sur les points suivants : \u2013 Les abeilles sont certes des animaux \u00e9lev\u00e9s par l\u2019homme, mais elles restent impr\u00e9visibles ; nous ne pouvons donc pas emp\u00eacher qu\u2019une abeille pique quelqu\u2019un [&hellip;]","og_url":"https:\/\/www.autenticabelles.com\/fr\/risques\/","og_site_name":"Aut\u00e8ntic Abelles","article_publisher":"https:\/\/www.facebook.com\/apicultorandorra","article_modified_time":"2026-03-31T15:43:50+00:00","twitter_card":"summary_large_image","twitter_misc":{"Dur\u00e9e de lecture estim\u00e9e":"1 minute"},"schema":{"@context":"https:\/\/schema.org","@graph":[{"@type":"WebPage","@id":"https:\/\/www.autenticabelles.com\/fr\/risques\/","url":"https:\/\/www.autenticabelles.com\/fr\/risques\/","name":"Risques - Aut\u00e8ntic Abelles","isPartOf":{"@id":"https:\/\/www.autenticabelles.com\/fr\/#website"},"datePublished":"2026-03-19T07:38:41+00:00","dateModified":"2026-03-31T15:43:50+00:00","breadcrumb":{"@id":"https:\/\/www.autenticabelles.com\/fr\/risques\/#breadcrumb"},"inLanguage":"fr-FR","potentialAction":[{"@type":"ReadAction","target":["https:\/\/www.autenticabelles.com\/fr\/risques\/"]}]},{"@type":"BreadcrumbList","@id":"https:\/\/www.autenticabelles.com\/fr\/risques\/#breadcrumb","itemListElement":[{"@type":"ListItem","position":1,"name":"Inici","item":"https:\/\/www.autenticabelles.com\/fr\/"},{"@type":"ListItem","position":2,"name":"Risques"}]},{"@type":"WebSite","@id":"https:\/\/www.autenticabelles.com\/fr\/#website","url":"https:\/\/www.autenticabelles.com\/fr\/","name":"Aut\u00e8ntic Abelles","description":"Experi\u00e8ncies d&#039;apiter\u00e0pia, Apicultor i Productor de Mel a Andorra","publisher":{"@id":"https:\/\/www.autenticabelles.com\/fr\/#organization"},"potentialAction":[{"@type":"SearchAction","target":{"@type":"EntryPoint","urlTemplate":"https:\/\/www.autenticabelles.com\/fr\/?s={search_term_string}"},"query-input":{"@type":"PropertyValueSpecification","valueRequired":true,"valueName":"search_term_string"}}],"inLanguage":"fr-FR"},{"@type":"Organization","@id":"https:\/\/www.autenticabelles.com\/fr\/#organization","name":"Aut\u00e8ntic Abelles Experi\u00e8ncies","url":"https:\/\/www.autenticabelles.com\/fr\/","logo":{"@type":"ImageObject","inLanguage":"fr-FR","@id":"https:\/\/www.autenticabelles.com\/fr\/#\/schema\/logo\/image\/","url":"https:\/\/www.autenticabelles.com\/wp-content\/uploads\/2026\/01\/logo_autentic.png","contentUrl":"https:\/\/www.autenticabelles.com\/wp-content\/uploads\/2026\/01\/logo_autentic.png","width":1559,"height":693,"caption":"Aut\u00e8ntic Abelles Experi\u00e8ncies"},"image":{"@id":"https:\/\/www.autenticabelles.com\/fr\/#\/schema\/logo\/image\/"},"sameAs":["https:\/\/www.facebook.com\/apicultorandorra","https:\/\/www.instagram.com\/autentic_abelles","https:\/\/www.youtube.com\/watch?v=2RfDH1qWW_o"]}]}},"_links":{"self":[{"href":"https:\/\/www.autenticabelles.com\/fr\/wp-json\/wp\/v2\/pages\/10429","targetHints":{"allow":["GET"]}}],"collection":[{"href":"https:\/\/www.autenticabelles.com\/fr\/wp-json\/wp\/v2\/pages"}],"about":[{"href":"https:\/\/www.autenticabelles.com\/fr\/wp-json\/wp\/v2\/types\/page"}],"author":[{"embeddable":true,"href":"https:\/\/www.autenticabelles.com\/fr\/wp-json\/wp\/v2\/users\/1"}],"replies":[{"embeddable":true,"href":"https:\/\/www.autenticabelles.com\/fr\/wp-json\/wp\/v2\/comments?post=10429"}],"version-history":[{"count":4,"href":"https:\/\/www.autenticabelles.com\/fr\/wp-json\/wp\/v2\/pages\/10429\/revisions"}],"predecessor-version":[{"id":10576,"href":"https:\/\/www.autenticabelles.com\/fr\/wp-json\/wp\/v2\/pages\/10429\/revisions\/10576"}],"wp:attachment":[{"href":"https:\/\/www.autenticabelles.com\/fr\/wp-json\/wp\/v2\/media?parent=10429"}],"curies":[{"name":"wp","href":"https:\/\/api.w.org\/{rel}","templated":true}]}}